{"id":16,"date":"2022-03-10T11:39:13","date_gmt":"2022-03-10T10:39:13","guid":{"rendered":"http:\/\/localhost\/monsitewebwordpress\/?page_id=16"},"modified":"2025-09-12T23:44:13","modified_gmt":"2025-09-12T21:44:13","slug":"nous-aider","status":"publish","type":"page","link":"https:\/\/ronron-asso.fr\/index.php\/nous-aider\/","title":{"rendered":"Nous aider"},"content":{"rendered":"<div class=\"yoast-breadcrumbs\"><span><span><a href=\"https:\/\/ronron-asso.fr\/\">Accueil<\/a><\/span> &gt; <span class=\"breadcrumb_last\" aria-current=\"page\">Nous aider<\/span><\/span><\/div>\n\n\n<p>En tant qu&rsquo;association enti\u00e8rement ind\u00e9pendante et non subventionn\u00e9e, nous avons besoin de votre soutien pour poursuivre nos actions !<\/p>\n\n\n\n<p>Que ce soit en parlant de notre mission, en partageant nos initiatives ou en contribuant directement, votre aide est essentielle pour nous permettre de lutter efficacement contre la mis\u00e8re animale.<\/p>\n\n\n\n<p>Il existe plusieurs mani\u00e8res de nous aider :<\/p>\n\n\n\n<div class=\"wp-block-buttons is-content-justification-center is-layout-flex wp-container-core-buttons-is-layout-a89b3969 wp-block-buttons-is-layout-flex\">\n<div class=\"wp-block-button has-custom-width wp-block-button__width-50\"><a class=\"wp-block-button__link has-background wp-element-button\" href=\"https:\/\/ronron-asso.fr\/index.php\/nous-aider\/dons\/\" style=\"background-color:#7cb63e\"><strong>Faire un don<\/strong><\/a><\/div>\n<\/div>\n\n\n\n<div class=\"wp-block-buttons is-content-justification-center is-layout-flex wp-container-core-buttons-is-layout-a89b3969 wp-block-buttons-is-layout-flex\">\n<div class=\"wp-block-button has-custom-width wp-block-button__width-50\"><a class=\"wp-block-button__link has-background wp-element-button\" href=\"https:\/\/ronron-asso.fr\/index.php\/les-benevoles\/\" style=\"background-color:#7cb63e\"><strong>Devenir b\u00e9n\u00e9vole<\/strong><\/a><\/div>\n<\/div>\n\n\n\n<div class=\"wp-block-buttons is-content-justification-center is-layout-flex wp-container-core-buttons-is-layout-a89b3969 wp-block-buttons-is-layout-flex\">\n<div class=\"wp-block-button has-custom-width wp-block-button__width-50\"><a class=\"wp-block-button__link has-background wp-element-button\" href=\"https:\/\/ronron-asso.fr\/index.php\/nous-aider\/devenir-famille-daccueil\/\" style=\"background-color:#7cb63e\"><strong>Devenir famille d&rsquo;accueil<\/strong><\/a><\/div>\n<\/div>\n\n\n\n<div class=\"wp-block-buttons is-content-justification-center is-layout-flex wp-container-core-buttons-is-layout-a89b3969 wp-block-buttons-is-layout-flex\">\n<div class=\"wp-block-button has-custom-width wp-block-button__width-50\"><a class=\"wp-block-button__link has-background has-text-align-center wp-element-button\" href=\"https:\/\/ronron-asso.fr\/index.php\/parrainage\/\" style=\"background-color:#7cb63e\"><strong>Devenir parrain \/ marraine <\/strong><\/a><\/div>\n<\/div>\n\n\n\n<p>Chaque geste compte et fait une r\u00e9elle diff\u00e9rence pour les animaux que nous prot\u00e9geons. Merci pour votre engagement \u00e0 nos c\u00f4t\u00e9s !<\/p>\n\n\n\n<hr class=\"wp-block-separator has-alpha-channel-opacity\"\/>\n\n\n\n<p><\/p>\n\n\n\n<p><\/p>\n","protected":false},"excerpt":{"rendered":"<p>En tant qu&rsquo;association enti\u00e8rement ind\u00e9pendante et non subventionn\u00e9e, nous avons besoin de votre soutien pour poursuivre nos actions ! Que ce soit en parlant de notre mission, en partageant nos initiatives ou en contribuant directement, votre aide est essentielle pour nous permettre de lutter efficacement contre la mis\u00e8re animale. Il existe plusieurs mani\u00e8res de nous [&hellip;]<\/p>\n","protected":false},"author":2,"featured_media":0,"parent":0,"menu_order":0,"comment_status":"closed","ping_status":"closed","template":"","meta":{"footnotes":""},"class_list":["post-16","page","type-page","status-publish","hentry"],"blocksy_meta":[],"yoast_head":"<!-- This site is optimized with the Yoast SEO plugin v26.1.1 - https:\/\/yoast.com\/wordpress\/plugins\/seo\/ -->\n<title>Nous aider - Ronron Association - Reims<\/title>\n<meta name=\"description\" content=\"Contribuer \u00e0 la protection animale en soutenant la Ronron Association. Don ou b\u00e9n\u00e9volat, d\u00e9couvrez les diff\u00e9rentes fa\u00e7ons de nous aider.\" \/>\n<meta name=\"robots\" content=\"index, follow, max-snippet:-1, max-image-preview:large, max-video-preview:-1\" \/>\n<link rel=\"canonical\" href=\"https:\/\/ronron-asso.fr\/index.php\/nous-aider\/\" \/>\n<meta property=\"og:locale\" content=\"fr_FR\" \/>\n<meta property=\"og:type\" content=\"article\" \/>\n<meta property=\"og:title\" content=\"Nous aider - Ronron Association - Reims\" \/>\n<meta property=\"og:description\" content=\"Contribuer \u00e0 la protection animale en soutenant la Ronron Association. Don ou b\u00e9n\u00e9volat, d\u00e9couvrez les diff\u00e9rentes fa\u00e7ons de nous aider.\" \/>\n<meta property=\"og:url\" content=\"https:\/\/ronron-asso.fr\/index.php\/nous-aider\/\" \/>\n<meta property=\"og:site_name\" content=\"Ronron Association - Reims\" \/>\n<meta property=\"article:modified_time\" content=\"2025-09-12T21:44:13+00:00\" \/>\n<meta name=\"twitter:card\" content=\"summary_large_image\" \/>\n<meta name=\"twitter:label1\" content=\"Dur\u00e9e de lecture estim\u00e9e\" \/>\n\t<meta name=\"twitter:data1\" content=\"1 minute\" \/>\n<script type=\"application\/ld+json\" class=\"yoast-schema-graph\">{\"@context\":\"https:\/\/schema.org\",\"@graph\":[{\"@type\":\"WebPage\",\"@id\":\"https:\/\/ronron-asso.fr\/index.php\/nous-aider\/\",\"url\":\"https:\/\/ronron-asso.fr\/index.php\/nous-aider\/\",\"name\":\"Nous aider - Ronron Association - Reims\",\"isPartOf\":{\"@id\":\"https:\/\/ronron-asso.fr\/#website\"},\"datePublished\":\"2022-03-10T10:39:13+00:00\",\"dateModified\":\"2025-09-12T21:44:13+00:00\",\"description\":\"Contribuer \u00e0 la protection animale en soutenant la Ronron Association. Don ou b\u00e9n\u00e9volat, d\u00e9couvrez les diff\u00e9rentes fa\u00e7ons de nous aider.\",\"breadcrumb\":{\"@id\":\"https:\/\/ronron-asso.fr\/index.php\/nous-aider\/#breadcrumb\"},\"inLanguage\":\"fr-FR\",\"potentialAction\":[{\"@type\":\"ReadAction\",\"target\":[\"https:\/\/ronron-asso.fr\/index.php\/nous-aider\/\"]}]},{\"@type\":\"BreadcrumbList\",\"@id\":\"https:\/\/ronron-asso.fr\/index.php\/nous-aider\/#breadcrumb\",\"itemListElement\":[{\"@type\":\"ListItem\",\"position\":1,\"name\":\"Accueil\",\"item\":\"https:\/\/ronron-asso.fr\/\"},{\"@type\":\"ListItem\",\"position\":2,\"name\":\"Nous aider\"}]},{\"@type\":\"WebSite\",\"@id\":\"https:\/\/ronron-asso.fr\/#website\",\"url\":\"https:\/\/ronron-asso.fr\/\",\"name\":\"Ronron Association - Reims\",\"description\":\"\",\"potentialAction\":[{\"@type\":\"SearchAction\",\"target\":{\"@type\":\"EntryPoint\",\"urlTemplate\":\"https:\/\/ronron-asso.fr\/?s={search_term_string}\"},\"query-input\":{\"@type\":\"PropertyValueSpecification\",\"valueRequired\":true,\"valueName\":\"search_term_string\"}}],\"inLanguage\":\"fr-FR\"}]}<\/script>\n<!-- \/ Yoast SEO plugin. -->","yoast_head_json":{"title":"Nous aider - Ronron Association - Reims","description":"Contribuer \u00e0 la protection animale en soutenant la Ronron Association. Don ou b\u00e9n\u00e9volat, d\u00e9couvrez les diff\u00e9rentes fa\u00e7ons de nous aider.","robots":{"index":"index","follow":"follow","max-snippet":"max-snippet:-1","max-image-preview":"max-image-preview:large","max-video-preview":"max-video-preview:-1"},"canonical":"https:\/\/ronron-asso.fr\/index.php\/nous-aider\/","og_locale":"fr_FR","og_type":"article","og_title":"Nous aider - Ronron Association - Reims","og_description":"Contribuer \u00e0 la protection animale en soutenant la Ronron Association. Don ou b\u00e9n\u00e9volat, d\u00e9couvrez les diff\u00e9rentes fa\u00e7ons de nous aider.","og_url":"https:\/\/ronron-asso.fr\/index.php\/nous-aider\/","og_site_name":"Ronron Association - Reims","article_modified_time":"2025-09-12T21:44:13+00:00","twitter_card":"summary_large_image","twitter_misc":{"Dur\u00e9e de lecture estim\u00e9e":"1 minute"},"schema":{"@context":"https:\/\/schema.org","@graph":[{"@type":"WebPage","@id":"https:\/\/ronron-asso.fr\/index.php\/nous-aider\/","url":"https:\/\/ronron-asso.fr\/index.php\/nous-aider\/","name":"Nous aider - Ronron Association - Reims","isPartOf":{"@id":"https:\/\/ronron-asso.fr\/#website"},"datePublished":"2022-03-10T10:39:13+00:00","dateModified":"2025-09-12T21:44:13+00:00","description":"Contribuer \u00e0 la protection animale en soutenant la Ronron Association. Don ou b\u00e9n\u00e9volat, d\u00e9couvrez les diff\u00e9rentes fa\u00e7ons de nous aider.","breadcrumb":{"@id":"https:\/\/ronron-asso.fr\/index.php\/nous-aider\/#breadcrumb"},"inLanguage":"fr-FR","potentialAction":[{"@type":"ReadAction","target":["https:\/\/ronron-asso.fr\/index.php\/nous-aider\/"]}]},{"@type":"BreadcrumbList","@id":"https:\/\/ronron-asso.fr\/index.php\/nous-aider\/#breadcrumb","itemListElement":[{"@type":"ListItem","position":1,"name":"Accueil","item":"https:\/\/ronron-asso.fr\/"},{"@type":"ListItem","position":2,"name":"Nous aider"}]},{"@type":"WebSite","@id":"https:\/\/ronron-asso.fr\/#website","url":"https:\/\/ronron-asso.fr\/","name":"Ronron Association - Reims","description":"","potentialAction":[{"@type":"SearchAction","target":{"@type":"EntryPoint","urlTemplate":"https:\/\/ronron-asso.fr\/?s={search_term_string}"},"query-input":{"@type":"PropertyValueSpecification","valueRequired":true,"valueName":"search_term_string"}}],"inLanguage":"fr-FR"}]}},"_links":{"self":[{"href":"https:\/\/ronron-asso.fr\/index.php\/wp-json\/wp\/v2\/pages\/16","targetHints":{"allow":["GET"]}}],"collection":[{"href":"https:\/\/ronron-asso.fr\/index.php\/wp-json\/wp\/v2\/pages"}],"about":[{"href":"https:\/\/ronron-asso.fr\/index.php\/wp-json\/wp\/v2\/types\/page"}],"author":[{"embeddable":true,"href":"https:\/\/ronron-asso.fr\/index.php\/wp-json\/wp\/v2\/users\/2"}],"replies":[{"embeddable":true,"href":"https:\/\/ronron-asso.fr\/index.php\/wp-json\/wp\/v2\/comments?post=16"}],"version-history":[{"count":16,"href":"https:\/\/ronron-asso.fr\/index.php\/wp-json\/wp\/v2\/pages\/16\/revisions"}],"predecessor-version":[{"id":1183,"href":"https:\/\/ronron-asso.fr\/index.php\/wp-json\/wp\/v2\/pages\/16\/revisions\/1183"}],"wp:attachment":[{"href":"https:\/\/ronron-asso.fr\/index.php\/wp-json\/wp\/v2\/media?parent=16"}],"curies":[{"name":"wp","href":"https:\/\/api.w.org\/{rel}","templated":true}]}}