{"id":18,"date":"2022-03-10T11:40:14","date_gmt":"2022-03-10T10:40:14","guid":{"rendered":"http:\/\/localhost\/monsitewebwordpress\/?page_id=18"},"modified":"2026-03-06T22:55:01","modified_gmt":"2026-03-06T21:55:01","slug":"les-benevoles","status":"publish","type":"page","link":"https:\/\/ronron-asso.fr\/index.php\/les-benevoles\/","title":{"rendered":"Nous rejoindre"},"content":{"rendered":"<div class=\"yoast-breadcrumbs\"><span><span><a href=\"https:\/\/ronron-asso.fr\/\">Accueil<\/a><\/span> &gt; <span class=\"breadcrumb_last\" aria-current=\"page\">Nous rejoindre<\/span><\/span><\/div>\n\n\n<p>La Ronron Association est une organisation de protection animale d\u00e9di\u00e9e aux chats, fond\u00e9e en juin 2016 et r\u00e9gie par la loi du 1er juillet 1901 et le d\u00e9cret du 16 ao\u00fbt 1901. Sa cr\u00e9atrice et actuelle pr\u00e9sidente, Maylis, est profond\u00e9ment engag\u00e9e pour la cause animale.<\/p>\n\n\n\n<p>L\u2019\u00e9quipe de la Ronron Association est compos\u00e9e exclusivement de b\u00e9n\u00e9voles passionn\u00e9s par la protection des animaux. <\/p>\n\n\n\n<ul class=\"wp-block-list\">\n<li class=\"has-text-color has-link-color wp-elements-d5ae37f388cdf849f79f8ff67ae9bfc8\" style=\"color:#7cb63e\"><a href=\"#le-b\u00e9n\u00e9volat\"><strong>Le b\u00e9n\u00e9volat, c&rsquo;est quoi ?<\/strong><\/a><\/li>\n\n\n\n<li class=\"has-text-color has-link-color wp-elements-8f1c408665825fc31ce6d9b181eecf14\" style=\"color:#7cb63e\"><a href=\"#secteurs\"><strong>Nos diff\u00e9rents secteurs<\/strong><\/a><\/li>\n\n\n\n<li class=\"has-text-color has-link-color wp-elements-d0599cb8fd52288fae658cb60e25d45d\" style=\"color:#7cb63e\"><a href=\"#nous-rejoindre\"><strong>Envie de nous rejoindre ? <\/strong><\/a><\/li>\n<\/ul>\n\n\n\n<p>Nous sommes r\u00e9guli\u00e8rement \u00e0 la recherche de personnes motiv\u00e9es, pr\u00eates \u00e0 s&rsquo;engager pleinement pour d\u00e9fendre la cause animale alors n&rsquo;h\u00e9sitez pas \u00e0 nous contacter si vous avez envie de nous rejoindre ! <\/p>\n\n\n\n<hr class=\"wp-block-separator has-text-color has-alpha-channel-opacity has-background\" style=\"background-color:#7cb63e;color:#7cb63e\"\/>\n\n\n\n<p class=\"has-text-align-left has-black-color has-text-color has-link-color has-large-font-size wp-elements-7b31b57cb8c39096ccdf924d8b250511\" id=\"le-b\u00e9n\u00e9volat\" style=\"border-style:none;border-width:0px\"><strong>Le b\u00e9n\u00e9volat, c&rsquo;est quoi ?<\/strong><\/p>\n\n\n\n<p>Le b\u00e9n\u00e9volat consiste en un engagement libre et gratuit, sans contrepartie financi\u00e8re. C\u2019est un don de soi, effectu\u00e9 sur notre temps libre, souvent en parall\u00e8le de nos vies professionnelles et familiales. Tout comme vous, nous avons des responsabilit\u00e9s et des projets \u00e0 c\u00f4t\u00e9, mais notre amour des animaux nous pousse \u00e0 nous investir pleinement. Il est important de comprendre que devenir b\u00e9n\u00e9vole n\u2019est pas un engagement ponctuel : il s\u2019agit d\u2019un v\u00e9ritable engagement, durable et impliquant.<\/p>\n\n\n\n<p>La Ronron Association r\u00e9unit des b\u00e9n\u00e9voles motiv\u00e9s par la cause animale, et pour beaucoup d\u2019entre nous, par un v\u00e9ritable amour pour nos chats !<\/p>\n\n\n\n<p>Lors de l\u2019assembl\u00e9e g\u00e9n\u00e9rale ordinaire de janvier 2022, l\u2019association comptait 45 b\u00e9n\u00e9voles, dont 23 particuli\u00e8rement actifs dans diff\u00e9rents secteurs d\u2019intervention.<br><br>L&rsquo;engagement peut se d\u00e9cliner de diff\u00e9rentes mani\u00e8res, selon vos envies et votre disponibilit\u00e9. Que vous ayez une heure \u00e0 consacrer chaque semaine ou que vous puissiez vous investir davantage, vous pouvez contribuer au bon fonctionnement de notre association et rejoindre notre \u00e9quipe.<\/p>\n\n\n\n<figure class=\"wp-block-image aligncenter size-large is-resized\"><img loading=\"lazy\" decoding=\"async\" width=\"1024\" height=\"685\" src=\"https:\/\/ronron-asso.fr\/wp-content\/uploads\/2024\/06\/chat-ordi1-1024x685.jpg\" alt=\"\" class=\"wp-image-592\" style=\"width:451px;height:auto\" srcset=\"https:\/\/ronron-asso.fr\/wp-content\/uploads\/2024\/06\/chat-ordi1-1024x685.jpg 1024w, https:\/\/ronron-asso.fr\/wp-content\/uploads\/2024\/06\/chat-ordi1-300x201.jpg 300w, https:\/\/ronron-asso.fr\/wp-content\/uploads\/2024\/06\/chat-ordi1-768x514.jpg 768w, https:\/\/ronron-asso.fr\/wp-content\/uploads\/2024\/06\/chat-ordi1.jpg 1280w\" sizes=\"auto, (max-width: 1024px) 100vw, 1024px\" \/><\/figure>\n\n\n\n<hr class=\"wp-block-separator has-text-color has-alpha-channel-opacity has-background\" style=\"background-color:#7cb63e;color:#7cb63e\"\/>\n\n\n\n<p class=\"has-black-color has-text-color has-link-color has-large-font-size wp-elements-468190ed87d029f62c6b6e4b64cb7a40\" id=\"secteurs\" style=\"border-style:none;border-width:0px\"><strong>Nos diff\u00e9rents secteurs<\/strong><\/p>\n\n\n\n<p>Les b\u00e9n\u00e9voles de l&rsquo;association sont r\u00e9partis sur 11 secteurs diff\u00e9rents, chacun contribuant \u00e0 des missions sp\u00e9cifiques pour soutenir notre cause. Voici les principaux domaines dans lesquels nos b\u00e9n\u00e9voles s&rsquo;investissent :<br><br>Attention : la majorit\u00e9 de nos missions ne sont pas en contact direct avec les chats, mais elles sont tout de m\u00eame essentielles au bon fonctionnement de l&rsquo;association. <\/p>\n\n\n\n<div class=\"wp-block-columns is-layout-flex wp-container-core-columns-is-layout-28f84493 wp-block-columns-is-layout-flex\">\n<div class=\"wp-block-column is-layout-flow wp-block-column-is-layout-flow\">\n<p class=\"has-text-align-center has-text-color has-link-color has-medium-font-size wp-elements-6a346f6a6aa25744d5107e20475f9fa9\" style=\"color:#7cb63e\"><mark style=\"background-color:rgba(0, 0, 0, 0);color:#7cb63e\" class=\"has-inline-color\"><strong>Enqu\u00eates\/prise en charge\/trappage<\/strong><\/mark><\/p>\n\n\n\n<p class=\"has-text-align-center\">En lien avec d&rsquo;autres secteurs, les b\u00e9n\u00e9voles du secteur enqu\u00eates sont souvent en d\u00e9placement. Ils m\u00e8nent des enqu\u00eates de voisinage et interviennent sur le terrain pour recueillir des informations. Il est essentiel de ne pas craindre d&rsquo;approcher les chats, y compris les plus agressifs, et de savoir comment r\u00e9agir dans ces situations. Des missions \u00e0 distance sont \u00e9galement possibles, notamment pour conseiller les personnes nous contactant par message priv\u00e9 ou par mail via nos r\u00e9seaux sociaux.<\/p>\n\n\n\n<p class=\"has-text-align-center has-text-color has-link-color has-medium-font-size wp-elements-6d193b8f23b27789fc6be9a593db75e4\" style=\"color:#7cb63e\"><mark style=\"background-color:rgba(0, 0, 0, 0);color:#7cb63e\" class=\"has-inline-color\"><strong>Famille d&rsquo;accueil<\/strong><\/mark><\/p>\n\n\n\n<p class=\"has-text-align-center\">Depuis votre ordinateur, vous serez en contact avec les familles d\u2019accueil pour les conseiller et les guider, afin de garantir que tout se passe bien avec leur petit prot\u00e9g\u00e9 jusqu&rsquo;\u00e0 son adoption. Vous serez \u00e9galement charg\u00e9(e) d\u2019organiser les transferts des chats entre les familles d\u2019accueil. Un bon niveau de ma\u00eetrise orthographique et un ordinateur sont n\u00e9cessaires pour ce secteur. Une version \u00ab\u00a0terrain\u00a0\u00bb est aussi possible pour assister les familles d\u2019accueil, pour montrer par exemple comment administrer un m\u00e9dicament ou mettre un chat dans sa caisse de transport. Un v\u00e9hicule est recommand\u00e9 pour cette version.<\/p>\n\n\n\n<p class=\"has-text-align-center has-text-color has-link-color has-medium-font-size wp-elements-65501922950a93c8cd25232884338473\" style=\"color:#7cb63e\"><mark style=\"background-color:rgba(0, 0, 0, 0);color:#7cb63e\" class=\"has-inline-color\"><strong>Mat\u00e9riel<\/strong><\/mark><\/p>\n\n\n\n<p class=\"has-text-align-center\">Inventaire, nettoyage, rangement\u2026 Si vous \u00eates une personne organis\u00e9e et disponible, vous pourrez aider \u00e0 recueillir, ranger et pr\u00eater du mat\u00e9riel, comme des plaids ou des bacs \u00e0 liti\u00e8re, stock\u00e9 dans notre local \u00e0 Reims.<\/p>\n\n\n\n<p class=\"has-text-align-center has-text-color has-link-color has-medium-font-size wp-elements-9f0113789558f3d6e385a54074e5a23c\" style=\"color:#7cb63e\"><strong>V\u00e9t\u00e9rinaire<\/strong><\/p>\n\n\n\n<p class=\"has-text-align-center\">Depuis chez vous, vous serez le lien entre l\u2019association et notre v\u00e9t\u00e9rinaire partenaire pour la prise de rendez-vous pour nos prot\u00e9g\u00e9s.<\/p>\n\n\n\n<p class=\"has-text-align-center has-text-color has-link-color has-medium-font-size wp-elements-a9cf02abd4ae7231eb84d8c497ac9a61\" style=\"color:#7cb63e\"><mark style=\"background-color:rgba(0, 0, 0, 0);color:#7cb63e\" class=\"has-inline-color\"><strong>Pharmacie, suivi des chats<\/strong><\/mark><\/p>\n\n\n\n<p class=\"has-text-align-center\">Dans ce secteur, vous ferez le suivi m\u00e9dicamenteux des chats de l\u2019association, ainsi que des chats adopt\u00e9s, afin de guider au mieux les adoptants dans le suivi de la sant\u00e9 de leurs nouveaux compagnons.<\/p>\n\n\n\n<p class=\"has-text-align-center has-text-color has-link-color has-medium-font-size wp-elements-5b37820a56f9196fd8009d303bf14301\" style=\"color:#7cb63e\"><mark style=\"background-color:rgba(0, 0, 0, 0);color:#7cb63e\" class=\"has-inline-color\"><strong>Photographie<\/strong><\/mark><\/p>\n\n\n\n<p class=\"has-text-align-center\">Si vous \u00eates passionn\u00e9(e) par la photographie, vous aurez l\u2019opportunit\u00e9 de vous rendre dans les familles d&rsquo;accueil pour immortaliser la beaut\u00e9 de nos poilus et les mettre en valeur pour leur adoption.<\/p>\n\n\n\n<p class=\"has-text-align-center has-text-color has-link-color has-medium-font-size wp-elements-9d4abb8a0507dcdd1a2f19d546dbc955\" style=\"color:#7cb63e\"><mark style=\"background-color:rgba(0, 0, 0, 0);color:#7cb63e\" class=\"has-inline-color\"><strong>Communication<\/strong><\/mark><\/p>\n\n\n\n<p class=\"has-text-align-center\">Depuis votre ordinateur, vous serez responsable de la gestion de la communication via nos pages Facebook et Instagram. Vous devrez cr\u00e9er des publications quotidiennes et organiser les albums photos sur Facebook pour mettre en avant nos prot\u00e9g\u00e9s.<\/p>\n\n\n\n<p class=\"has-text-align-center has-text-color has-link-color has-medium-font-size wp-elements-6005befb9916f69b82036c1329287931\" style=\"color:#7cb63e\"><mark style=\"background-color:rgba(0, 0, 0, 0);color:#7cb63e\" class=\"has-inline-color\"><strong>Adoption<\/strong><\/mark><\/p>\n\n\n\n<p class=\"has-text-align-center\">Vous serez le premier contact avec les adoptants potentiels. Vous devrez les conseiller et les guider pour compl\u00e9ter leur famille, en veillant \u00e0 ce que nos boules de poils trouvent le foyer id\u00e9al o\u00f9 elles pourront s&rsquo;\u00e9panouir. Une bonne ma\u00eetrise de l&rsquo;orthographe et un ordinateur sont n\u00e9cessaires pour ce secteur.<\/p>\n\n\n\n<p class=\"has-text-align-center has-text-color has-link-color has-medium-font-size wp-elements-aa4f10676b3a31e199cb82c70aee8900\" style=\"color:#7cb63e\"><strong>Visites<\/strong><\/p>\n\n\n\n<p class=\"has-text-align-center\">Disponible et v\u00e9hicul\u00e9(e), vous effectuerez des visites pour conseiller les adoptants et les familles d\u2019accueil, en vous assurant du bien-\u00eatre et de la s\u00e9curit\u00e9 des chats accueillis ou adopt\u00e9s.<\/p>\n\n\n\n<p class=\"has-text-align-center has-text-color has-link-color has-medium-font-size wp-elements-9c7299d81251797db18dc56dd185462b\" style=\"color:#7cb63e\"><mark style=\"background-color:rgba(0, 0, 0, 0);color:#7cb63e\" class=\"has-inline-color\"><strong>\u00c9v\u00e9nements<\/strong><\/mark><\/p>\n\n\n\n<p class=\"has-text-align-center\">Si vous \u00eates souriant(e) et appr\u00e9ciez le contact avec les autres, vous pourrez participer \u00e0 nos \u00e9v\u00e9nements. Vous serez impliqu\u00e9(e) dans l&rsquo;inventaire des goodies (en lien avec le secteur mat\u00e9riel), la vente de ces produits, ainsi que dans l\u2019installation et l\u2019encaissement lors des \u00e9v\u00e9nements.<\/p>\n<\/div>\n<\/div>\n\n\n\n<hr class=\"wp-block-separator has-text-color has-alpha-channel-opacity has-background\" style=\"background-color:#7cb63e;color:#7cb63e\"\/>\n\n\n\n<p class=\"has-text-align-left has-black-color has-text-color has-link-color has-large-font-size wp-elements-be135997856424adb0b6785f743df1d3\" id=\"nous-rejoindre\" style=\"border-style:none;border-width:0px\"><strong>Envie de nous rejoindre ?<\/strong><\/p>\n\n\n\n<p>Merci beaucoup pour votre soutien ! N\u2019h\u00e9sitez pas \u00e0 <a href=\"https:\/\/ronron-asso.fr\/index.php\/contact\/\">nous contacter<\/a>, nous serons ravis de discuter avec vous pour trouver le secteur qui correspond le mieux \u00e0 vos comp\u00e9tences et \u00e0 vos envies. <br><br>Et pas d&rsquo;inqui\u00e9tude : vous avez la possibilit\u00e9 de changer de secteur \u00e0 tout moment si vous souhaitez explorer d&rsquo;autres missions.<\/p>\n\n\n\n<p><\/p>\n","protected":false},"excerpt":{"rendered":"<p>La Ronron Association est une organisation de protection animale d\u00e9di\u00e9e aux chats, fond\u00e9e en juin 2016 et r\u00e9gie par la loi du 1er juillet 1901 et le d\u00e9cret du 16 ao\u00fbt 1901. Sa cr\u00e9atrice et actuelle pr\u00e9sidente, Maylis, est profond\u00e9ment engag\u00e9e pour la cause animale. L\u2019\u00e9quipe de la Ronron Association est compos\u00e9e exclusivement de b\u00e9n\u00e9voles [&hellip;]<\/p>\n","protected":false},"author":2,"featured_media":0,"parent":0,"menu_order":0,"comment_status":"closed","ping_status":"closed","template":"","meta":{"footnotes":""},"class_list":["post-18","page","type-page","status-publish","hentry"],"blocksy_meta":[],"yoast_head":"<!-- This site is optimized with the Yoast SEO plugin v26.1.1 - https:\/\/yoast.com\/wordpress\/plugins\/seo\/ -->\n<title>Nous rejoindre - Ronron Association - Reims<\/title>\n<meta name=\"robots\" content=\"index, follow, max-snippet:-1, max-image-preview:large, max-video-preview:-1\" \/>\n<link rel=\"canonical\" href=\"https:\/\/ronron-asso.fr\/index.php\/les-benevoles\/\" \/>\n<meta property=\"og:locale\" content=\"fr_FR\" \/>\n<meta property=\"og:type\" content=\"article\" \/>\n<meta property=\"og:title\" content=\"Nous rejoindre - Ronron Association - Reims\" \/>\n<meta property=\"og:description\" content=\"La Ronron Association est une organisation de protection animale d\u00e9di\u00e9e aux chats, fond\u00e9e en juin 2016 et r\u00e9gie par la loi du 1er juillet 1901 et le d\u00e9cret du 16 ao\u00fbt 1901. Sa cr\u00e9atrice et actuelle pr\u00e9sidente, Maylis, est profond\u00e9ment engag\u00e9e pour la cause animale. L\u2019\u00e9quipe de la Ronron Association est compos\u00e9e exclusivement de b\u00e9n\u00e9voles [&hellip;]\" \/>\n<meta property=\"og:url\" content=\"https:\/\/ronron-asso.fr\/index.php\/les-benevoles\/\" \/>\n<meta property=\"og:site_name\" content=\"Ronron Association - Reims\" \/>\n<meta property=\"article:modified_time\" content=\"2026-03-06T21:55:01+00:00\" \/>\n<meta property=\"og:image\" content=\"https:\/\/ronron-asso.fr\/wp-content\/uploads\/2024\/06\/chat-ordi1.jpg\" \/>\n\t<meta property=\"og:image:width\" content=\"1280\" \/>\n\t<meta property=\"og:image:height\" content=\"856\" \/>\n\t<meta property=\"og:image:type\" content=\"image\/jpeg\" \/>\n<meta name=\"twitter:card\" content=\"summary_large_image\" \/>\n<meta name=\"twitter:label1\" content=\"Dur\u00e9e de lecture estim\u00e9e\" \/>\n\t<meta name=\"twitter:data1\" content=\"5 minutes\" \/>\n<script type=\"application\/ld+json\" class=\"yoast-schema-graph\">{\"@context\":\"https:\/\/schema.org\",\"@graph\":[{\"@type\":\"WebPage\",\"@id\":\"https:\/\/ronron-asso.fr\/index.php\/les-benevoles\/\",\"url\":\"https:\/\/ronron-asso.fr\/index.php\/les-benevoles\/\",\"name\":\"Nous rejoindre - Ronron Association - Reims\",\"isPartOf\":{\"@id\":\"https:\/\/ronron-asso.fr\/#website\"},\"primaryImageOfPage\":{\"@id\":\"https:\/\/ronron-asso.fr\/index.php\/les-benevoles\/#primaryimage\"},\"image\":{\"@id\":\"https:\/\/ronron-asso.fr\/index.php\/les-benevoles\/#primaryimage\"},\"thumbnailUrl\":\"https:\/\/ronron-asso.fr\/wp-content\/uploads\/2024\/06\/chat-ordi1-1024x685.jpg\",\"datePublished\":\"2022-03-10T10:40:14+00:00\",\"dateModified\":\"2026-03-06T21:55:01+00:00\",\"breadcrumb\":{\"@id\":\"https:\/\/ronron-asso.fr\/index.php\/les-benevoles\/#breadcrumb\"},\"inLanguage\":\"fr-FR\",\"potentialAction\":[{\"@type\":\"ReadAction\",\"target\":[\"https:\/\/ronron-asso.fr\/index.php\/les-benevoles\/\"]}]},{\"@type\":\"ImageObject\",\"inLanguage\":\"fr-FR\",\"@id\":\"https:\/\/ronron-asso.fr\/index.php\/les-benevoles\/#primaryimage\",\"url\":\"https:\/\/ronron-asso.fr\/wp-content\/uploads\/2024\/06\/chat-ordi1.jpg\",\"contentUrl\":\"https:\/\/ronron-asso.fr\/wp-content\/uploads\/2024\/06\/chat-ordi1.jpg\",\"width\":1280,\"height\":856},{\"@type\":\"BreadcrumbList\",\"@id\":\"https:\/\/ronron-asso.fr\/index.php\/les-benevoles\/#breadcrumb\",\"itemListElement\":[{\"@type\":\"ListItem\",\"position\":1,\"name\":\"Accueil\",\"item\":\"https:\/\/ronron-asso.fr\/\"},{\"@type\":\"ListItem\",\"position\":2,\"name\":\"Nous rejoindre\"}]},{\"@type\":\"WebSite\",\"@id\":\"https:\/\/ronron-asso.fr\/#website\",\"url\":\"https:\/\/ronron-asso.fr\/\",\"name\":\"Ronron Association - Reims\",\"description\":\"\",\"potentialAction\":[{\"@type\":\"SearchAction\",\"target\":{\"@type\":\"EntryPoint\",\"urlTemplate\":\"https:\/\/ronron-asso.fr\/?s={search_term_string}\"},\"query-input\":{\"@type\":\"PropertyValueSpecification\",\"valueRequired\":true,\"valueName\":\"search_term_string\"}}],\"inLanguage\":\"fr-FR\"}]}<\/script>\n<!-- \/ Yoast SEO plugin. -->","yoast_head_json":{"title":"Nous rejoindre - Ronron Association - Reims","robots":{"index":"index","follow":"follow","max-snippet":"max-snippet:-1","max-image-preview":"max-image-preview:large","max-video-preview":"max-video-preview:-1"},"canonical":"https:\/\/ronron-asso.fr\/index.php\/les-benevoles\/","og_locale":"fr_FR","og_type":"article","og_title":"Nous rejoindre - Ronron Association - Reims","og_description":"La Ronron Association est une organisation de protection animale d\u00e9di\u00e9e aux chats, fond\u00e9e en juin 2016 et r\u00e9gie par la loi du 1er juillet 1901 et le d\u00e9cret du 16 ao\u00fbt 1901. Sa cr\u00e9atrice et actuelle pr\u00e9sidente, Maylis, est profond\u00e9ment engag\u00e9e pour la cause animale. L\u2019\u00e9quipe de la Ronron Association est compos\u00e9e exclusivement de b\u00e9n\u00e9voles [&hellip;]","og_url":"https:\/\/ronron-asso.fr\/index.php\/les-benevoles\/","og_site_name":"Ronron Association - Reims","article_modified_time":"2026-03-06T21:55:01+00:00","og_image":[{"width":1280,"height":856,"url":"https:\/\/ronron-asso.fr\/wp-content\/uploads\/2024\/06\/chat-ordi1.jpg","type":"image\/jpeg"}],"twitter_card":"summary_large_image","twitter_misc":{"Dur\u00e9e de lecture estim\u00e9e":"5 minutes"},"schema":{"@context":"https:\/\/schema.org","@graph":[{"@type":"WebPage","@id":"https:\/\/ronron-asso.fr\/index.php\/les-benevoles\/","url":"https:\/\/ronron-asso.fr\/index.php\/les-benevoles\/","name":"Nous rejoindre - Ronron Association - Reims","isPartOf":{"@id":"https:\/\/ronron-asso.fr\/#website"},"primaryImageOfPage":{"@id":"https:\/\/ronron-asso.fr\/index.php\/les-benevoles\/#primaryimage"},"image":{"@id":"https:\/\/ronron-asso.fr\/index.php\/les-benevoles\/#primaryimage"},"thumbnailUrl":"https:\/\/ronron-asso.fr\/wp-content\/uploads\/2024\/06\/chat-ordi1-1024x685.jpg","datePublished":"2022-03-10T10:40:14+00:00","dateModified":"2026-03-06T21:55:01+00:00","breadcrumb":{"@id":"https:\/\/ronron-asso.fr\/index.php\/les-benevoles\/#breadcrumb"},"inLanguage":"fr-FR","potentialAction":[{"@type":"ReadAction","target":["https:\/\/ronron-asso.fr\/index.php\/les-benevoles\/"]}]},{"@type":"ImageObject","inLanguage":"fr-FR","@id":"https:\/\/ronron-asso.fr\/index.php\/les-benevoles\/#primaryimage","url":"https:\/\/ronron-asso.fr\/wp-content\/uploads\/2024\/06\/chat-ordi1.jpg","contentUrl":"https:\/\/ronron-asso.fr\/wp-content\/uploads\/2024\/06\/chat-ordi1.jpg","width":1280,"height":856},{"@type":"BreadcrumbList","@id":"https:\/\/ronron-asso.fr\/index.php\/les-benevoles\/#breadcrumb","itemListElement":[{"@type":"ListItem","position":1,"name":"Accueil","item":"https:\/\/ronron-asso.fr\/"},{"@type":"ListItem","position":2,"name":"Nous rejoindre"}]},{"@type":"WebSite","@id":"https:\/\/ronron-asso.fr\/#website","url":"https:\/\/ronron-asso.fr\/","name":"Ronron Association - Reims","description":"","potentialAction":[{"@type":"SearchAction","target":{"@type":"EntryPoint","urlTemplate":"https:\/\/ronron-asso.fr\/?s={search_term_string}"},"query-input":{"@type":"PropertyValueSpecification","valueRequired":true,"valueName":"search_term_string"}}],"inLanguage":"fr-FR"}]}},"_links":{"self":[{"href":"https:\/\/ronron-asso.fr\/index.php\/wp-json\/wp\/v2\/pages\/18","targetHints":{"allow":["GET"]}}],"collection":[{"href":"https:\/\/ronron-asso.fr\/index.php\/wp-json\/wp\/v2\/pages"}],"about":[{"href":"https:\/\/ronron-asso.fr\/index.php\/wp-json\/wp\/v2\/types\/page"}],"author":[{"embeddable":true,"href":"https:\/\/ronron-asso.fr\/index.php\/wp-json\/wp\/v2\/users\/2"}],"replies":[{"embeddable":true,"href":"https:\/\/ronron-asso.fr\/index.php\/wp-json\/wp\/v2\/comments?post=18"}],"version-history":[{"count":22,"href":"https:\/\/ronron-asso.fr\/index.php\/wp-json\/wp\/v2\/pages\/18\/revisions"}],"predecessor-version":[{"id":1308,"href":"https:\/\/ronron-asso.fr\/index.php\/wp-json\/wp\/v2\/pages\/18\/revisions\/1308"}],"wp:attachment":[{"href":"https:\/\/ronron-asso.fr\/index.php\/wp-json\/wp\/v2\/media?parent=18"}],"curies":[{"name":"wp","href":"https:\/\/api.w.org\/{rel}","templated":true}]}}