{"id":20,"date":"2022-03-10T11:40:46","date_gmt":"2022-03-10T10:40:46","guid":{"rendered":"http:\/\/localhost\/monsitewebwordpress\/?page_id=20"},"modified":"2025-09-12T23:51:12","modified_gmt":"2025-09-12T21:51:12","slug":"adoption","status":"publish","type":"page","link":"https:\/\/ronron-asso.fr\/index.php\/adoption\/","title":{"rendered":"Adoption"},"content":{"rendered":"<div class=\"yoast-breadcrumbs\"><span><span><a href=\"https:\/\/ronron-asso.fr\/\">Accueil<\/a><\/span> &gt; <span class=\"breadcrumb_last\" aria-current=\"page\">Adoption<\/span><\/span><\/div>\n\n\n<p>D\u00e9couvrez ici toutes les informations essentielles concernant l\u2019adoption.<\/p>\n\n\n\n<ul class=\"wp-block-list\">\n<li class=\"has-text-color has-link-color wp-elements-b62504d120bb7a86e73afcb2601825cf\" style=\"color:#7cb63e\"><a href=\"#adopter-en-association\"><strong>Pourquoi adopter en association ?<\/strong><\/a><\/li>\n\n\n\n<li class=\"has-text-color has-link-color wp-elements-603c5b2093a2c7af970a020e5286386e\" style=\"color:#7cb63e\"><a href=\"#adopter-2\"><strong>Adopter un chat en association, est-ce gratuit ?<\/strong><\/a><\/li>\n\n\n\n<li class=\"has-text-color has-link-color wp-elements-c0d3f9a9345c6760deb4fa7d6d0583fc\" style=\"color:#7cb63e\"><a href=\"#rencontrer-chats\"><strong>Est-ce que je peux rencontrer le chat avant de l&rsquo;adopter ?<\/strong><\/a><\/li>\n\n\n\n<li class=\"has-text-color has-link-color wp-elements-1e7b2071103a7938cd5d0e9396070aa5\" style=\"color:#7cb63e\"><a href=\"#chats-dispo\"><strong>O\u00f9 voir les chats disponibles \u00e0 l&rsquo;adoption ? <\/strong><\/a><\/li>\n<\/ul>\n\n\n\n<p>Vous trouverez des d\u00e9tails sur notre processus d\u2019adoption, les chats disponibles \u00e0 l&rsquo;adoption, ainsi que des conseils pour vous aider \u00e0 faire le meilleur choix.<\/p>\n\n\n\n<hr class=\"wp-block-separator has-text-color has-alpha-channel-opacity has-background\" style=\"background-color:#7cb63e;color:#7cb63e\"\/>\n\n\n\n<h2 class=\"wp-block-heading has-text-align-left has-palette-color-4-color has-text-color has-link-color has-large-font-size wp-elements-c46775443ee389820e9e3b290f1df5d7\" id=\"adopter-en-association\" style=\"border-style:none;border-width:0px\">Pourquoi adopter en association ?<\/h2>\n\n\n\n<div class=\"wp-block-columns is-layout-flex wp-container-core-columns-is-layout-28f84493 wp-block-columns-is-layout-flex\">\n<div class=\"wp-block-column is-layout-flow wp-block-column-is-layout-flow\" style=\"flex-basis:66.66%\">\n<p>Adopter un chat en association, c&rsquo;est agir concr\u00e8tement pour la protection animale en luttant contre la mis\u00e8re des chats abandonn\u00e9s et la prolif\u00e9ration des chats livr\u00e9s \u00e0 eux-m\u00eames.<\/p>\n\n\n\n<p>En offrant un foyer \u00e0 un chat, vous sauvez deux vies : celle de votre nouveau compagnon et celle du prochain animal que l&rsquo;association pourra accueillir gr\u00e2ce \u00e0 la place lib\u00e9r\u00e9e.<\/p>\n\n\n\n<p>C&rsquo;est une mani\u00e8re simple et impactante de participer, \u00e0 votre \u00e9chelle, \u00e0 une cause essentielle : offrir une seconde chance aux animaux dans le besoin.<\/p>\n<\/div>\n\n\n\n<div class=\"wp-block-column is-layout-flow wp-block-column-is-layout-flow\" style=\"flex-basis:33.33%\">\n<figure class=\"wp-block-image size-large is-resized\"><img loading=\"lazy\" decoding=\"async\" width=\"1024\" height=\"683\" src=\"https:\/\/ronron-asso.fr\/wp-content\/uploads\/2024\/12\/1536-1024-2-4-1024x683.jpg\" alt=\"\" class=\"wp-image-752\" style=\"width:350px\" srcset=\"https:\/\/ronron-asso.fr\/wp-content\/uploads\/2024\/12\/1536-1024-2-4-1024x683.jpg 1024w, https:\/\/ronron-asso.fr\/wp-content\/uploads\/2024\/12\/1536-1024-2-4-300x200.jpg 300w, https:\/\/ronron-asso.fr\/wp-content\/uploads\/2024\/12\/1536-1024-2-4-768x512.jpg 768w, https:\/\/ronron-asso.fr\/wp-content\/uploads\/2024\/12\/1536-1024-2-4.jpg 1536w\" sizes=\"auto, (max-width: 1024px) 100vw, 1024px\" \/><\/figure>\n<\/div>\n<\/div>\n\n\n\n<hr class=\"wp-block-separator has-text-color has-alpha-channel-opacity has-background\" style=\"background-color:#7cb63e;color:#7cb63e\"\/>\n\n\n\n<h2 class=\"wp-block-heading has-palette-color-4-color has-text-color has-link-color has-large-font-size wp-elements-f2edb5c0b1ace5faeba5d06f1fd70fd5\" id=\"adopter-2\" style=\"border-style:none;border-width:0px\">Adopter un chat en association, est-ce gratuit ?<\/h2>\n\n\n\n<p class=\"has-text-align-left\">Adopter un chat en association n\u2019est pas gratuit. Les frais demand\u00e9s couvrent principalement les soins v\u00e9t\u00e9rinaires essentiels :  identification (puce ou tatouage), st\u00e9rilisation, vaccination (primo-vaccination contre le Typhus et le Coryza), tests FIV et leucose, ainsi qu\u2019un d\u00e9parasitage complet.<\/p>\n\n\n\n<p>Dans notre association, ces frais varient entre\u00a0<strong>210 \u20ac et 240 \u20ac<\/strong>, selon les soins effectu\u00e9s. Cela reste bien en dessous du co\u00fbt que vous auriez \u00e0 payer en engageant ces d\u00e9marches par vous-m\u00eame chez un v\u00e9t\u00e9rinaire.<\/p>\n\n\n\n<p class=\"has-text-align-left\">De plus, notre structure n\u2019est pas subventionn\u00e9e, contrairement \u00e0 des refuges, ce qui nous oblige \u00e0 appliquer ces tarifs d\u00e9j\u00e0 r\u00e9duits de moiti\u00e9 gr\u00e2ce \u00e0 des accords avec notre v\u00e9t\u00e9rinaire. Ces frais permettent non seulement de couvrir les soins pour chaque chat, mais aussi de continuer \u00e0 sauver et prendre en charge d&rsquo;autres animaux dans le besoin.<\/p>\n\n\n\n<hr class=\"wp-block-separator has-text-color has-alpha-channel-opacity has-background\" style=\"background-color:#7cb63e;color:#7cb63e\"\/>\n\n\n\n<h2 class=\"wp-block-heading has-text-align-left has-palette-color-4-color has-text-color has-link-color has-large-font-size wp-elements-d005d48e677af0ded0ee72b1f2509ed5\" id=\"rencontrer-chats\" style=\"border-style:none;border-width:0px\">Est-ce que je peux rencontrer le chat avant de l&rsquo;adopter ?<\/h2>\n\n\n\n<div class=\"wp-block-media-text is-stacked-on-mobile\" style=\"grid-template-columns:42% auto\"><figure class=\"wp-block-media-text__media\"><img loading=\"lazy\" decoding=\"async\" width=\"1024\" height=\"683\" src=\"https:\/\/ronron-asso.fr\/wp-content\/uploads\/2024\/12\/1536-1024-7-1024x683.jpg\" alt=\"\" class=\"wp-image-671 size-full\" srcset=\"https:\/\/ronron-asso.fr\/wp-content\/uploads\/2024\/12\/1536-1024-7-1024x683.jpg 1024w, https:\/\/ronron-asso.fr\/wp-content\/uploads\/2024\/12\/1536-1024-7-300x200.jpg 300w, https:\/\/ronron-asso.fr\/wp-content\/uploads\/2024\/12\/1536-1024-7-768x512.jpg 768w, https:\/\/ronron-asso.fr\/wp-content\/uploads\/2024\/12\/1536-1024-7.jpg 1536w\" sizes=\"auto, (max-width: 1024px) 100vw, 1024px\" \/><\/figure><div class=\"wp-block-media-text__content\">\n<p>Absolument ! La rencontre est une \u00e9tape incontournable de <a href=\"https:\/\/ronron-asso.fr\/index.php\/adoption\/nos-demarches\/\">notre proc\u00e9dure d\u2019adoption.<\/a><\/p>\n\n\n\n<p>\u00c9tant donn\u00e9 que nos chats sont h\u00e9berg\u00e9s dans des familles d&rsquo;accueil, il est n\u00e9cessaire de nous contacter au pr\u00e9alable pour organiser un rendez-vous. Cela permet de garantir une rencontre dans les meilleures conditions.<\/p>\n\n\n\n<p>Il est imp\u00e9ratif que&nbsp;<strong>tous les membres de votre foyer<\/strong>, y compris les enfants, soient pr\u00e9sents lors de cette rencontre. Cela nous permet de v\u00e9rifier que le chat s\u2019entend bien avec toute votre famille et que l\u2019adoption se d\u00e9roulera dans une atmosph\u00e8re harmonieuse.<\/p>\n\n\n\n<p>Retrouvez l&rsquo;int\u00e9gralit\u00e9 de notre proc\u00e9dure d&rsquo;adoption ici.<\/p>\n<\/div><\/div>\n\n\n\n<hr class=\"wp-block-separator has-text-color has-alpha-channel-opacity has-background\" style=\"background-color:#7cb63e;color:#7cb63e\"\/>\n\n\n\n<h2 class=\"wp-block-heading has-text-align-left has-palette-color-4-color has-text-color has-link-color has-large-font-size wp-elements-f52e58b5995b5c519b8a1640f5376923\" id=\"chats-dispo\" style=\"border-style:none;border-width:0px\">O\u00f9 voir les chats disponibles \u00e0 l&rsquo;adoption ?<\/h2>\n\n\n\n<p>En cliquant sur le bouton ci-dessous, vous trouverez la liste compl\u00e8te des chats actuellement propos\u00e9s \u00e0 l\u2019adoption par notre association. Pour d\u00e9couvrir davantage de photos et mieux conna\u00eetre chaque chat, il vous suffit de cliquer sur le lien au bas de leur description.<\/p>\n\n\n\n<p>Certains de nos chats appr\u00e9cient particuli\u00e8rement la compagnie de leurs cong\u00e9n\u00e8res. Dans ce cas, nous privil\u00e9gions leur adoption dans un foyer o\u00f9 ils auront au moins un compagnon f\u00e9lin pour partager leur quotidien. Cependant, pas d\u2019inqui\u00e9tude : nous avons \u00e9galement des chats qui s\u2019\u00e9panouissent mieux en \u00e9tant les seuls animaux de la maison, et ils sont tout \u00e0 fait adapt\u00e9s \u00e0 une adoption en solitaire.<\/p>\n\n\n\n<p>N\u2019h\u00e9sitez pas \u00e0 parcourir les profils et \u00e0 nous contacter si vous avez des questions ou si vous souhaitez en savoir plus sur un chat en particulier !<\/p>\n\n\n\n<div class=\"wp-block-buttons has-custom-font-size has-small-font-size is-content-justification-center is-layout-flex wp-container-core-buttons-is-layout-84dfb3a3 wp-block-buttons-is-layout-flex\" style=\"margin-top:var(--wp--preset--spacing--50);margin-bottom:var(--wp--preset--spacing--50)\">\n<div class=\"wp-block-button has-custom-width wp-block-button__width-50 is-style-fill\" id=\"chats-a-l'adoption\"><a class=\"wp-block-button__link has-background has-medium-font-size has-custom-font-size wp-element-button\" href=\"https:\/\/ronron-asso.fr\/index.php\/adoption\/nos-chats-a-ladoption\/\" style=\"background-color:#93c675;padding-top:0;padding-right:0;padding-bottom:0;padding-left:0\">D\u00e9couvrir les chats \u00e0 l&rsquo;adoption<\/a><\/div>\n<\/div>\n\n\n\n<p>1 chat, 1 adoption, 1 histoire. Nous vous invitons \u00e0 regarder l&rsquo;album photos de nos chats adopt\u00e9s <a href=\"https:\/\/www.facebook.com\/share\/1JMkizFCVm\/\">ici<\/a>, sachant que les plus r\u00e9centes sont rang\u00e9es <a href=\"https:\/\/www.facebook.com\/share\/15NBArLrBe\/\" target=\"_blank\" rel=\"noreferrer noopener\">l\u00e0<\/a>.<\/p>\n\n\n\n<p><\/p>\n","protected":false},"excerpt":{"rendered":"<p>D\u00e9couvrez ici toutes les informations essentielles concernant l\u2019adoption. Vous trouverez des d\u00e9tails sur notre processus d\u2019adoption, les chats disponibles \u00e0 l&rsquo;adoption, ainsi que des conseils pour vous aider \u00e0 faire le meilleur choix. Pourquoi adopter en association ? Adopter un chat en association, c&rsquo;est agir concr\u00e8tement pour la protection animale en luttant contre la mis\u00e8re [&hellip;]<\/p>\n","protected":false},"author":2,"featured_media":537,"parent":0,"menu_order":1,"comment_status":"closed","ping_status":"closed","template":"","meta":{"footnotes":""},"class_list":["post-20","page","type-page","status-publish","has-post-thumbnail","hentry"],"blocksy_meta":[],"yoast_head":"<!-- This site is optimized with the Yoast SEO plugin v26.1.1 - https:\/\/yoast.com\/wordpress\/plugins\/seo\/ -->\n<title>Adoption - Ronron Association - Reims<\/title>\n<meta name=\"description\" content=\"Vous cherchez \u00e0 adopter un chat c\u00e2lin, joueur, tigr\u00e9, ok chien... ? Venez d\u00e9couvrir nos chats \u00e0 l&#039;adoption qui pourraient vous correspondre.\" \/>\n<meta name=\"robots\" content=\"index, follow, max-snippet:-1, max-image-preview:large, max-video-preview:-1\" \/>\n<link rel=\"canonical\" href=\"https:\/\/ronron-asso.fr\/index.php\/adoption\/\" \/>\n<meta property=\"og:locale\" content=\"fr_FR\" \/>\n<meta property=\"og:type\" content=\"article\" \/>\n<meta property=\"og:title\" content=\"Adoption - Ronron Association - Reims\" \/>\n<meta property=\"og:description\" content=\"Vous cherchez \u00e0 adopter un chat c\u00e2lin, joueur, tigr\u00e9, ok chien... ? Venez d\u00e9couvrir nos chats \u00e0 l&#039;adoption qui pourraient vous correspondre.\" \/>\n<meta property=\"og:url\" content=\"https:\/\/ronron-asso.fr\/index.php\/adoption\/\" \/>\n<meta property=\"og:site_name\" content=\"Ronron Association - Reims\" \/>\n<meta property=\"article:modified_time\" content=\"2025-09-12T21:51:12+00:00\" \/>\n<meta property=\"og:image\" content=\"https:\/\/ronron-asso.fr\/wp-content\/uploads\/2024\/01\/chats-et-chatons-a-ladoption.png\" \/>\n\t<meta property=\"og:image:width\" content=\"800\" \/>\n\t<meta property=\"og:image:height\" content=\"800\" \/>\n\t<meta property=\"og:image:type\" content=\"image\/png\" \/>\n<meta name=\"twitter:card\" content=\"summary_large_image\" \/>\n<meta name=\"twitter:label1\" content=\"Dur\u00e9e de lecture estim\u00e9e\" \/>\n\t<meta name=\"twitter:data1\" content=\"4 minutes\" \/>\n<script type=\"application\/ld+json\" class=\"yoast-schema-graph\">{\"@context\":\"https:\/\/schema.org\",\"@graph\":[{\"@type\":\"WebPage\",\"@id\":\"https:\/\/ronron-asso.fr\/index.php\/adoption\/\",\"url\":\"https:\/\/ronron-asso.fr\/index.php\/adoption\/\",\"name\":\"Adoption - Ronron Association - Reims\",\"isPartOf\":{\"@id\":\"https:\/\/ronron-asso.fr\/#website\"},\"primaryImageOfPage\":{\"@id\":\"https:\/\/ronron-asso.fr\/index.php\/adoption\/#primaryimage\"},\"image\":{\"@id\":\"https:\/\/ronron-asso.fr\/index.php\/adoption\/#primaryimage\"},\"thumbnailUrl\":\"https:\/\/ronron-asso.fr\/wp-content\/uploads\/2024\/01\/chats-et-chatons-a-ladoption.png\",\"datePublished\":\"2022-03-10T10:40:46+00:00\",\"dateModified\":\"2025-09-12T21:51:12+00:00\",\"description\":\"Vous cherchez \u00e0 adopter un chat c\u00e2lin, joueur, tigr\u00e9, ok chien... ? Venez d\u00e9couvrir nos chats \u00e0 l'adoption qui pourraient vous correspondre.\",\"breadcrumb\":{\"@id\":\"https:\/\/ronron-asso.fr\/index.php\/adoption\/#breadcrumb\"},\"inLanguage\":\"fr-FR\",\"potentialAction\":[{\"@type\":\"ReadAction\",\"target\":[\"https:\/\/ronron-asso.fr\/index.php\/adoption\/\"]}]},{\"@type\":\"ImageObject\",\"inLanguage\":\"fr-FR\",\"@id\":\"https:\/\/ronron-asso.fr\/index.php\/adoption\/#primaryimage\",\"url\":\"https:\/\/ronron-asso.fr\/wp-content\/uploads\/2024\/01\/chats-et-chatons-a-ladoption.png\",\"contentUrl\":\"https:\/\/ronron-asso.fr\/wp-content\/uploads\/2024\/01\/chats-et-chatons-a-ladoption.png\",\"width\":800,\"height\":800},{\"@type\":\"BreadcrumbList\",\"@id\":\"https:\/\/ronron-asso.fr\/index.php\/adoption\/#breadcrumb\",\"itemListElement\":[{\"@type\":\"ListItem\",\"position\":1,\"name\":\"Accueil\",\"item\":\"https:\/\/ronron-asso.fr\/\"},{\"@type\":\"ListItem\",\"position\":2,\"name\":\"Adoption\"}]},{\"@type\":\"WebSite\",\"@id\":\"https:\/\/ronron-asso.fr\/#website\",\"url\":\"https:\/\/ronron-asso.fr\/\",\"name\":\"Ronron Association - Reims\",\"description\":\"\",\"potentialAction\":[{\"@type\":\"SearchAction\",\"target\":{\"@type\":\"EntryPoint\",\"urlTemplate\":\"https:\/\/ronron-asso.fr\/?s={search_term_string}\"},\"query-input\":{\"@type\":\"PropertyValueSpecification\",\"valueRequired\":true,\"valueName\":\"search_term_string\"}}],\"inLanguage\":\"fr-FR\"}]}<\/script>\n<!-- \/ Yoast SEO plugin. -->","yoast_head_json":{"title":"Adoption - Ronron Association - Reims","description":"Vous cherchez \u00e0 adopter un chat c\u00e2lin, joueur, tigr\u00e9, ok chien... ? Venez d\u00e9couvrir nos chats \u00e0 l'adoption qui pourraient vous correspondre.","robots":{"index":"index","follow":"follow","max-snippet":"max-snippet:-1","max-image-preview":"max-image-preview:large","max-video-preview":"max-video-preview:-1"},"canonical":"https:\/\/ronron-asso.fr\/index.php\/adoption\/","og_locale":"fr_FR","og_type":"article","og_title":"Adoption - Ronron Association - Reims","og_description":"Vous cherchez \u00e0 adopter un chat c\u00e2lin, joueur, tigr\u00e9, ok chien... ? Venez d\u00e9couvrir nos chats \u00e0 l'adoption qui pourraient vous correspondre.","og_url":"https:\/\/ronron-asso.fr\/index.php\/adoption\/","og_site_name":"Ronron Association - Reims","article_modified_time":"2025-09-12T21:51:12+00:00","og_image":[{"width":800,"height":800,"url":"https:\/\/ronron-asso.fr\/wp-content\/uploads\/2024\/01\/chats-et-chatons-a-ladoption.png","type":"image\/png"}],"twitter_card":"summary_large_image","twitter_misc":{"Dur\u00e9e de lecture estim\u00e9e":"4 minutes"},"schema":{"@context":"https:\/\/schema.org","@graph":[{"@type":"WebPage","@id":"https:\/\/ronron-asso.fr\/index.php\/adoption\/","url":"https:\/\/ronron-asso.fr\/index.php\/adoption\/","name":"Adoption - Ronron Association - Reims","isPartOf":{"@id":"https:\/\/ronron-asso.fr\/#website"},"primaryImageOfPage":{"@id":"https:\/\/ronron-asso.fr\/index.php\/adoption\/#primaryimage"},"image":{"@id":"https:\/\/ronron-asso.fr\/index.php\/adoption\/#primaryimage"},"thumbnailUrl":"https:\/\/ronron-asso.fr\/wp-content\/uploads\/2024\/01\/chats-et-chatons-a-ladoption.png","datePublished":"2022-03-10T10:40:46+00:00","dateModified":"2025-09-12T21:51:12+00:00","description":"Vous cherchez \u00e0 adopter un chat c\u00e2lin, joueur, tigr\u00e9, ok chien... ? Venez d\u00e9couvrir nos chats \u00e0 l'adoption qui pourraient vous correspondre.","breadcrumb":{"@id":"https:\/\/ronron-asso.fr\/index.php\/adoption\/#breadcrumb"},"inLanguage":"fr-FR","potentialAction":[{"@type":"ReadAction","target":["https:\/\/ronron-asso.fr\/index.php\/adoption\/"]}]},{"@type":"ImageObject","inLanguage":"fr-FR","@id":"https:\/\/ronron-asso.fr\/index.php\/adoption\/#primaryimage","url":"https:\/\/ronron-asso.fr\/wp-content\/uploads\/2024\/01\/chats-et-chatons-a-ladoption.png","contentUrl":"https:\/\/ronron-asso.fr\/wp-content\/uploads\/2024\/01\/chats-et-chatons-a-ladoption.png","width":800,"height":800},{"@type":"BreadcrumbList","@id":"https:\/\/ronron-asso.fr\/index.php\/adoption\/#breadcrumb","itemListElement":[{"@type":"ListItem","position":1,"name":"Accueil","item":"https:\/\/ronron-asso.fr\/"},{"@type":"ListItem","position":2,"name":"Adoption"}]},{"@type":"WebSite","@id":"https:\/\/ronron-asso.fr\/#website","url":"https:\/\/ronron-asso.fr\/","name":"Ronron Association - Reims","description":"","potentialAction":[{"@type":"SearchAction","target":{"@type":"EntryPoint","urlTemplate":"https:\/\/ronron-asso.fr\/?s={search_term_string}"},"query-input":{"@type":"PropertyValueSpecification","valueRequired":true,"valueName":"search_term_string"}}],"inLanguage":"fr-FR"}]}},"_links":{"self":[{"href":"https:\/\/ronron-asso.fr\/index.php\/wp-json\/wp\/v2\/pages\/20","targetHints":{"allow":["GET"]}}],"collection":[{"href":"https:\/\/ronron-asso.fr\/index.php\/wp-json\/wp\/v2\/pages"}],"about":[{"href":"https:\/\/ronron-asso.fr\/index.php\/wp-json\/wp\/v2\/types\/page"}],"author":[{"embeddable":true,"href":"https:\/\/ronron-asso.fr\/index.php\/wp-json\/wp\/v2\/users\/2"}],"replies":[{"embeddable":true,"href":"https:\/\/ronron-asso.fr\/index.php\/wp-json\/wp\/v2\/comments?post=20"}],"version-history":[{"count":36,"href":"https:\/\/ronron-asso.fr\/index.php\/wp-json\/wp\/v2\/pages\/20\/revisions"}],"predecessor-version":[{"id":1192,"href":"https:\/\/ronron-asso.fr\/index.php\/wp-json\/wp\/v2\/pages\/20\/revisions\/1192"}],"wp:featuredmedia":[{"embeddable":true,"href":"https:\/\/ronron-asso.fr\/index.php\/wp-json\/wp\/v2\/media\/537"}],"wp:attachment":[{"href":"https:\/\/ronron-asso.fr\/index.php\/wp-json\/wp\/v2\/media?parent=20"}],"curies":[{"name":"wp","href":"https:\/\/api.w.org\/{rel}","templated":true}]}}