{"id":22,"date":"2022-03-10T11:40:59","date_gmt":"2022-03-10T10:40:59","guid":{"rendered":"http:\/\/localhost\/monsitewebwordpress\/?page_id=22"},"modified":"2024-12-29T09:47:17","modified_gmt":"2024-12-29T08:47:17","slug":"dons","status":"publish","type":"page","link":"https:\/\/ronron-asso.fr\/index.php\/nous-aider\/dons\/","title":{"rendered":"Dons"},"content":{"rendered":"<div class=\"yoast-breadcrumbs\"><span><span><a href=\"https:\/\/ronron-asso.fr\/\">Accueil<\/a><\/span> &gt; <span><a href=\"https:\/\/ronron-asso.fr\/index.php\/nous-aider\/\">Nous aider<\/a><\/span> &gt; <span class=\"breadcrumb_last\" aria-current=\"page\">Dons<\/span><\/span><\/div>\n\n\n<p>Rejoignez une aventure empreinte de g\u00e9n\u00e9rosit\u00e9 et d\u2019amour pour nos amis \u00e0 quatre pattes. La Ronron Association a besoin de vous pour poursuivre son combat en faveur des f\u00e9lins les plus vuln\u00e9rables. Ensemble, nous pouvons leur offrir un avenir meilleur.<\/p>\n\n\n\n<ul class=\"wp-block-list\">\n<li class=\"has-text-color has-link-color wp-elements-a5a08b6653fcaf541d2922e5b8e05b85\" style=\"color:#7cb63e\"><strong><a href=\"#don-financier\">Don financier<\/a><\/strong><\/li>\n\n\n\n<li class=\"has-text-color has-link-color wp-elements-95bfb8294573ac204fb9e40269df1194\" style=\"color:#7cb63e\"><strong><a href=\"http:\/\/don-mat\u00e9riel\">Don mat\u00e9riel<\/a><\/strong><\/li>\n<\/ul>\n\n\n\n<figure class=\"wp-block-image aligncenter size-large is-resized\"><img loading=\"lazy\" decoding=\"async\" width=\"1024\" height=\"683\" src=\"https:\/\/ronron-asso.fr\/wp-content\/uploads\/2024\/12\/1536-1024-6-1024x683.jpg\" alt=\"\" class=\"wp-image-854\" style=\"width:613px;height:auto\" srcset=\"https:\/\/ronron-asso.fr\/wp-content\/uploads\/2024\/12\/1536-1024-6-1024x683.jpg 1024w, https:\/\/ronron-asso.fr\/wp-content\/uploads\/2024\/12\/1536-1024-6-300x200.jpg 300w, https:\/\/ronron-asso.fr\/wp-content\/uploads\/2024\/12\/1536-1024-6-768x512.jpg 768w, https:\/\/ronron-asso.fr\/wp-content\/uploads\/2024\/12\/1536-1024-6.jpg 1536w\" sizes=\"auto, (max-width: 1024px) 100vw, 1024px\" \/><\/figure>\n\n\n\n<hr class=\"wp-block-separator has-text-color has-alpha-channel-opacity has-background\" style=\"background-color:#7cb63e;color:#7cb63e\"\/>\n\n\n\n<p class=\"has-text-align-center has-palette-color-4-color has-text-color has-link-color has-medium-font-size wp-elements-6b4e935010745f9224519b2b7aee66ec\"><strong>Don financier<\/strong><\/p>\n\n\n\n<p class=\"has-text-align-center has-text-color has-link-color wp-elements-b164b4d311327bfe8a49355cd1882290\" style=\"color:#7cb63e\"><em>Sachez que les dons financiers&nbsp;ouvrent droit \u00e0 une r\u00e9duction fiscale \u00e9gale \u00e0 66 % du montant de votre don, dans la limite de 20 % de votre revenu imposable.<\/em><\/p>\n\n\n\n<p>Il existe plusieurs moyens de nous faire un don financier :<\/p>\n\n\n\n<div class=\"wp-block-group is-layout-constrained wp-block-group-is-layout-constrained\">\n<div class=\"wp-block-columns is-layout-flex wp-container-core-columns-is-layout-28f84493 wp-block-columns-is-layout-flex\">\n<div class=\"wp-block-column is-layout-flow wp-block-column-is-layout-flow\" style=\"flex-basis:100%\">\n<ul class=\"wp-block-list\">\n<li>Par ch\u00e8que (\u00e0 l\u2019ordre de la Ronron Association) ou esp\u00e8ces \u00e0 envoyer \u00e0 l\u2019adresse suivante :<\/li>\n<\/ul>\n\n\n\n<p class=\"has-text-align-center\"><strong>Maison de la Vie Associative<\/strong><br>Ronron Association<br>Bo\u00eete MVA &#8211; 29<br>122 bis, rue du Barb\u00e2tre<br>51100 Reims, France<\/p>\n\n\n\n<ul class=\"wp-block-list\">\n<li>En cliquant ici : <\/li>\n<\/ul>\n\n\n\n<iframe id=\"haWidget\" allowtransparency=\"true\" src=\"https:\/\/www.helloasso.com\/associations\/ronron-association-reims\/formulaires\/1\/widget-bouton\" style=\"width: 100%; height: 70px; border: none;\"><\/iframe>\n\n\n\n<ul class=\"wp-block-list\">\n<li>Par un pr\u00e9l\u00e8vement automatique d\u20191\u20ac par mois via la plateforme <a href=\"https:\/\/www.teaming.net\/ronronassociation\">Teaming<\/a><\/li>\n<\/ul>\n<\/div>\n<\/div>\n<\/div>\n\n\n\n<ul class=\"wp-block-list\">\n<li>Par virement bancaire au RIB suivant :&nbsp;FR76  1470  7069  0931  7213  9358  029<\/li>\n<\/ul>\n\n\n\n<p>Pour obtenir un re\u00e7u fiscal, merci de nous fournir les informations suivantes par <a href=\"https:\/\/ronron-asso.fr\/index.php\/contact\/\">mail<\/a> :<\/p>\n\n\n\n<ul class=\"wp-block-list\">\n<li>Nom et Pr\u00e9nom<\/li>\n\n\n\n<li>Adresse postale<\/li>\n\n\n\n<li>Adresse mail<\/li>\n\n\n\n<li>Montant du don<\/li>\n\n\n\n<li>Date du don<\/li>\n<\/ul>\n\n\n\n<hr class=\"wp-block-separator has-text-color has-alpha-channel-opacity has-background\" style=\"background-color:#7cb63e;color:#7cb63e\"\/>\n\n\n\n<h2 class=\"wp-block-heading has-text-align-center has-medium-font-size\" id=\"don-mat\u00e9riel\">Don mat\u00e9riel<\/h2>\n\n\n\n<p>Si vous n\u2019avez pas la possibilit\u00e9 de contribuer financi\u00e8rement, sachez que les dons de mat\u00e9riel sont tout aussi essentiels et grandement appr\u00e9ci\u00e9s. <br><br>Des couvertures douces, de la nourriture de qualit\u00e9, des jouets et autres fournitures peuvent faire une \u00e9norme diff\u00e9rence dans le bien-\u00eatre quotidien de nos prot\u00e9g\u00e9s.<\/p>\n\n\n\n<figure class=\"wp-block-gallery has-nested-images columns-default is-cropped wp-block-gallery-2 is-layout-flex wp-block-gallery-is-layout-flex\">\n<figure class=\"wp-block-image size-full\"><img loading=\"lazy\" decoding=\"async\" width=\"804\" height=\"536\" data-id=\"474\" src=\"https:\/\/ronron-asso.fr\/wp-content\/uploads\/2024\/01\/don-croquettes_patees.jpg\" alt=\"\" class=\"wp-image-474\" srcset=\"https:\/\/ronron-asso.fr\/wp-content\/uploads\/2024\/01\/don-croquettes_patees.jpg 804w, https:\/\/ronron-asso.fr\/wp-content\/uploads\/2024\/01\/don-croquettes_patees-300x200.jpg 300w, https:\/\/ronron-asso.fr\/wp-content\/uploads\/2024\/01\/don-croquettes_patees-768x512.jpg 768w\" sizes=\"auto, (max-width: 804px) 100vw, 804px\" \/><\/figure>\n\n\n\n<figure class=\"wp-block-image size-large\"><img loading=\"lazy\" decoding=\"async\" width=\"1024\" height=\"740\" data-id=\"475\" src=\"https:\/\/ronron-asso.fr\/wp-content\/uploads\/2024\/01\/don-serviettes-1024x740.jpg\" alt=\"\" class=\"wp-image-475\" srcset=\"https:\/\/ronron-asso.fr\/wp-content\/uploads\/2024\/01\/don-serviettes-1024x740.jpg 1024w, https:\/\/ronron-asso.fr\/wp-content\/uploads\/2024\/01\/don-serviettes-300x217.jpg 300w, https:\/\/ronron-asso.fr\/wp-content\/uploads\/2024\/01\/don-serviettes-768x555.jpg 768w, https:\/\/ronron-asso.fr\/wp-content\/uploads\/2024\/01\/don-serviettes.jpg 1242w\" sizes=\"auto, (max-width: 1024px) 100vw, 1024px\" \/><\/figure>\n\n\n\n<figure class=\"wp-block-image size-large\"><img loading=\"lazy\" decoding=\"async\" width=\"1024\" height=\"683\" data-id=\"476\" src=\"https:\/\/ronron-asso.fr\/wp-content\/uploads\/2024\/01\/don-xavier-1024x683.jpg\" alt=\"\" class=\"wp-image-476\" srcset=\"https:\/\/ronron-asso.fr\/wp-content\/uploads\/2024\/01\/don-xavier-1024x683.jpg 1024w, https:\/\/ronron-asso.fr\/wp-content\/uploads\/2024\/01\/don-xavier-300x200.jpg 300w, https:\/\/ronron-asso.fr\/wp-content\/uploads\/2024\/01\/don-xavier-768x512.jpg 768w, https:\/\/ronron-asso.fr\/wp-content\/uploads\/2024\/01\/don-xavier.jpg 1440w\" sizes=\"auto, (max-width: 1024px) 100vw, 1024px\" \/><\/figure>\n<\/figure>\n\n\n\n<p>N&rsquo;h\u00e9sitez pas \u00e0 nous <a href=\"https:\/\/ronron-asso.fr\/index.php\/contact\/\">contacter<\/a> si vous souhaitez nous faire un don de mat\u00e9riel.<\/p>\n\n\n\n<hr class=\"wp-block-separator has-text-color has-alpha-channel-opacity has-background\" style=\"background-color:#7cb63e;color:#7cb63e\"\/>\n\n\n\n<p>Imaginez le pouvoir incroyable que vous d\u00e9tenez entre vos mains : celui de changer le destin d\u2019un animal abandonn\u00e9, maltrait\u00e9 ou n\u00e9glig\u00e9. Gr\u00e2ce \u00e0 votre soutien, qu\u2019il soit financier ou mat\u00e9riel, vous contribuez directement \u00e0 sauver des vies.<\/p>\n\n\n\n<p>Nous vous remercions de tout c\u0153ur pour votre g\u00e9n\u00e9rosit\u00e9 et votre engagement. Gr\u00e2ce \u00e0 vous, chaque ronronnement devient un t\u00e9moignage d\u2019espoir.<\/p>\n\n\n\n<p><\/p>\n","protected":false},"excerpt":{"rendered":"<p>Rejoignez une aventure empreinte de g\u00e9n\u00e9rosit\u00e9 et d\u2019amour pour nos amis \u00e0 quatre pattes. La Ronron Association a besoin de vous pour poursuivre son combat en faveur des f\u00e9lins les plus vuln\u00e9rables. Ensemble, nous pouvons leur offrir un avenir meilleur. Don financier Sachez que les dons financiers&nbsp;ouvrent droit \u00e0 une r\u00e9duction fiscale \u00e9gale \u00e0 66 [&hellip;]<\/p>\n","protected":false},"author":2,"featured_media":0,"parent":16,"menu_order":0,"comment_status":"closed","ping_status":"closed","template":"","meta":{"footnotes":""},"class_list":["post-22","page","type-page","status-publish","hentry"],"blocksy_meta":[],"yoast_head":"<!-- This site is optimized with the Yoast SEO plugin v26.1.1 - https:\/\/yoast.com\/wordpress\/plugins\/seo\/ -->\n<title>Dons - Ronron Association - Reims<\/title>\n<meta name=\"robots\" content=\"index, follow, max-snippet:-1, max-image-preview:large, max-video-preview:-1\" \/>\n<link rel=\"canonical\" href=\"https:\/\/ronron-asso.fr\/index.php\/nous-aider\/dons\/\" \/>\n<meta property=\"og:locale\" content=\"fr_FR\" \/>\n<meta property=\"og:type\" content=\"article\" \/>\n<meta property=\"og:title\" content=\"Dons - Ronron Association - Reims\" \/>\n<meta property=\"og:description\" content=\"Rejoignez une aventure empreinte de g\u00e9n\u00e9rosit\u00e9 et d\u2019amour pour nos amis \u00e0 quatre pattes. La Ronron Association a besoin de vous pour poursuivre son combat en faveur des f\u00e9lins les plus vuln\u00e9rables. Ensemble, nous pouvons leur offrir un avenir meilleur. Don financier Sachez que les dons financiers&nbsp;ouvrent droit \u00e0 une r\u00e9duction fiscale \u00e9gale \u00e0 66 [&hellip;]\" \/>\n<meta property=\"og:url\" content=\"https:\/\/ronron-asso.fr\/index.php\/nous-aider\/dons\/\" \/>\n<meta property=\"og:site_name\" content=\"Ronron Association - Reims\" \/>\n<meta property=\"article:modified_time\" content=\"2024-12-29T08:47:17+00:00\" \/>\n<meta property=\"og:image\" content=\"https:\/\/ronron-asso.fr\/wp-content\/uploads\/2024\/12\/1536-1024-6.jpg\" \/>\n\t<meta property=\"og:image:width\" content=\"1536\" \/>\n\t<meta property=\"og:image:height\" content=\"1024\" \/>\n\t<meta property=\"og:image:type\" content=\"image\/jpeg\" \/>\n<meta name=\"twitter:card\" content=\"summary_large_image\" \/>\n<meta name=\"twitter:label1\" content=\"Dur\u00e9e de lecture estim\u00e9e\" \/>\n\t<meta name=\"twitter:data1\" content=\"3 minutes\" \/>\n<script type=\"application\/ld+json\" class=\"yoast-schema-graph\">{\"@context\":\"https:\/\/schema.org\",\"@graph\":[{\"@type\":\"WebPage\",\"@id\":\"https:\/\/ronron-asso.fr\/index.php\/nous-aider\/dons\/\",\"url\":\"https:\/\/ronron-asso.fr\/index.php\/nous-aider\/dons\/\",\"name\":\"Dons - Ronron Association - Reims\",\"isPartOf\":{\"@id\":\"https:\/\/ronron-asso.fr\/#website\"},\"primaryImageOfPage\":{\"@id\":\"https:\/\/ronron-asso.fr\/index.php\/nous-aider\/dons\/#primaryimage\"},\"image\":{\"@id\":\"https:\/\/ronron-asso.fr\/index.php\/nous-aider\/dons\/#primaryimage\"},\"thumbnailUrl\":\"https:\/\/ronron-asso.fr\/wp-content\/uploads\/2024\/12\/1536-1024-6-1024x683.jpg\",\"datePublished\":\"2022-03-10T10:40:59+00:00\",\"dateModified\":\"2024-12-29T08:47:17+00:00\",\"breadcrumb\":{\"@id\":\"https:\/\/ronron-asso.fr\/index.php\/nous-aider\/dons\/#breadcrumb\"},\"inLanguage\":\"fr-FR\",\"potentialAction\":[{\"@type\":\"ReadAction\",\"target\":[\"https:\/\/ronron-asso.fr\/index.php\/nous-aider\/dons\/\"]}]},{\"@type\":\"ImageObject\",\"inLanguage\":\"fr-FR\",\"@id\":\"https:\/\/ronron-asso.fr\/index.php\/nous-aider\/dons\/#primaryimage\",\"url\":\"https:\/\/ronron-asso.fr\/wp-content\/uploads\/2024\/12\/1536-1024-6.jpg\",\"contentUrl\":\"https:\/\/ronron-asso.fr\/wp-content\/uploads\/2024\/12\/1536-1024-6.jpg\",\"width\":1536,\"height\":1024},{\"@type\":\"BreadcrumbList\",\"@id\":\"https:\/\/ronron-asso.fr\/index.php\/nous-aider\/dons\/#breadcrumb\",\"itemListElement\":[{\"@type\":\"ListItem\",\"position\":1,\"name\":\"Accueil\",\"item\":\"https:\/\/ronron-asso.fr\/\"},{\"@type\":\"ListItem\",\"position\":2,\"name\":\"Nous aider\",\"item\":\"https:\/\/ronron-asso.fr\/index.php\/nous-aider\/\"},{\"@type\":\"ListItem\",\"position\":3,\"name\":\"Dons\"}]},{\"@type\":\"WebSite\",\"@id\":\"https:\/\/ronron-asso.fr\/#website\",\"url\":\"https:\/\/ronron-asso.fr\/\",\"name\":\"Ronron Association - Reims\",\"description\":\"\",\"potentialAction\":[{\"@type\":\"SearchAction\",\"target\":{\"@type\":\"EntryPoint\",\"urlTemplate\":\"https:\/\/ronron-asso.fr\/?s={search_term_string}\"},\"query-input\":{\"@type\":\"PropertyValueSpecification\",\"valueRequired\":true,\"valueName\":\"search_term_string\"}}],\"inLanguage\":\"fr-FR\"}]}<\/script>\n<!-- \/ Yoast SEO plugin. -->","yoast_head_json":{"title":"Dons - Ronron Association - Reims","robots":{"index":"index","follow":"follow","max-snippet":"max-snippet:-1","max-image-preview":"max-image-preview:large","max-video-preview":"max-video-preview:-1"},"canonical":"https:\/\/ronron-asso.fr\/index.php\/nous-aider\/dons\/","og_locale":"fr_FR","og_type":"article","og_title":"Dons - Ronron Association - Reims","og_description":"Rejoignez une aventure empreinte de g\u00e9n\u00e9rosit\u00e9 et d\u2019amour pour nos amis \u00e0 quatre pattes. La Ronron Association a besoin de vous pour poursuivre son combat en faveur des f\u00e9lins les plus vuln\u00e9rables. Ensemble, nous pouvons leur offrir un avenir meilleur. Don financier Sachez que les dons financiers&nbsp;ouvrent droit \u00e0 une r\u00e9duction fiscale \u00e9gale \u00e0 66 [&hellip;]","og_url":"https:\/\/ronron-asso.fr\/index.php\/nous-aider\/dons\/","og_site_name":"Ronron Association - Reims","article_modified_time":"2024-12-29T08:47:17+00:00","og_image":[{"width":1536,"height":1024,"url":"https:\/\/ronron-asso.fr\/wp-content\/uploads\/2024\/12\/1536-1024-6.jpg","type":"image\/jpeg"}],"twitter_card":"summary_large_image","twitter_misc":{"Dur\u00e9e de lecture estim\u00e9e":"3 minutes"},"schema":{"@context":"https:\/\/schema.org","@graph":[{"@type":"WebPage","@id":"https:\/\/ronron-asso.fr\/index.php\/nous-aider\/dons\/","url":"https:\/\/ronron-asso.fr\/index.php\/nous-aider\/dons\/","name":"Dons - Ronron Association - Reims","isPartOf":{"@id":"https:\/\/ronron-asso.fr\/#website"},"primaryImageOfPage":{"@id":"https:\/\/ronron-asso.fr\/index.php\/nous-aider\/dons\/#primaryimage"},"image":{"@id":"https:\/\/ronron-asso.fr\/index.php\/nous-aider\/dons\/#primaryimage"},"thumbnailUrl":"https:\/\/ronron-asso.fr\/wp-content\/uploads\/2024\/12\/1536-1024-6-1024x683.jpg","datePublished":"2022-03-10T10:40:59+00:00","dateModified":"2024-12-29T08:47:17+00:00","breadcrumb":{"@id":"https:\/\/ronron-asso.fr\/index.php\/nous-aider\/dons\/#breadcrumb"},"inLanguage":"fr-FR","potentialAction":[{"@type":"ReadAction","target":["https:\/\/ronron-asso.fr\/index.php\/nous-aider\/dons\/"]}]},{"@type":"ImageObject","inLanguage":"fr-FR","@id":"https:\/\/ronron-asso.fr\/index.php\/nous-aider\/dons\/#primaryimage","url":"https:\/\/ronron-asso.fr\/wp-content\/uploads\/2024\/12\/1536-1024-6.jpg","contentUrl":"https:\/\/ronron-asso.fr\/wp-content\/uploads\/2024\/12\/1536-1024-6.jpg","width":1536,"height":1024},{"@type":"BreadcrumbList","@id":"https:\/\/ronron-asso.fr\/index.php\/nous-aider\/dons\/#breadcrumb","itemListElement":[{"@type":"ListItem","position":1,"name":"Accueil","item":"https:\/\/ronron-asso.fr\/"},{"@type":"ListItem","position":2,"name":"Nous aider","item":"https:\/\/ronron-asso.fr\/index.php\/nous-aider\/"},{"@type":"ListItem","position":3,"name":"Dons"}]},{"@type":"WebSite","@id":"https:\/\/ronron-asso.fr\/#website","url":"https:\/\/ronron-asso.fr\/","name":"Ronron Association - Reims","description":"","potentialAction":[{"@type":"SearchAction","target":{"@type":"EntryPoint","urlTemplate":"https:\/\/ronron-asso.fr\/?s={search_term_string}"},"query-input":{"@type":"PropertyValueSpecification","valueRequired":true,"valueName":"search_term_string"}}],"inLanguage":"fr-FR"}]}},"_links":{"self":[{"href":"https:\/\/ronron-asso.fr\/index.php\/wp-json\/wp\/v2\/pages\/22","targetHints":{"allow":["GET"]}}],"collection":[{"href":"https:\/\/ronron-asso.fr\/index.php\/wp-json\/wp\/v2\/pages"}],"about":[{"href":"https:\/\/ronron-asso.fr\/index.php\/wp-json\/wp\/v2\/types\/page"}],"author":[{"embeddable":true,"href":"https:\/\/ronron-asso.fr\/index.php\/wp-json\/wp\/v2\/users\/2"}],"replies":[{"embeddable":true,"href":"https:\/\/ronron-asso.fr\/index.php\/wp-json\/wp\/v2\/comments?post=22"}],"version-history":[{"count":32,"href":"https:\/\/ronron-asso.fr\/index.php\/wp-json\/wp\/v2\/pages\/22\/revisions"}],"predecessor-version":[{"id":1040,"href":"https:\/\/ronron-asso.fr\/index.php\/wp-json\/wp\/v2\/pages\/22\/revisions\/1040"}],"up":[{"embeddable":true,"href":"https:\/\/ronron-asso.fr\/index.php\/wp-json\/wp\/v2\/pages\/16"}],"wp:attachment":[{"href":"https:\/\/ronron-asso.fr\/index.php\/wp-json\/wp\/v2\/media?parent=22"}],"curies":[{"name":"wp","href":"https:\/\/api.w.org\/{rel}","templated":true}]}}