{"id":28,"date":"2022-03-10T11:45:40","date_gmt":"2022-03-10T10:45:40","guid":{"rendered":"http:\/\/localhost\/monsitewebwordpress\/?page_id=28"},"modified":"2024-12-23T21:08:04","modified_gmt":"2024-12-23T20:08:04","slug":"prise-en-charge","status":"publish","type":"page","link":"https:\/\/ronron-asso.fr\/index.php\/prise-en-charge\/","title":{"rendered":"FAQ"},"content":{"rendered":"<div class=\"yoast-breadcrumbs\"><span><span><a href=\"https:\/\/ronron-asso.fr\/\">Accueil<\/a><\/span> &gt; <span class=\"breadcrumb_last\" aria-current=\"page\">FAQ<\/span><\/span><\/div>\n\n\n<p>Bienvenue dans notre FAQ ! Ici, vous trouverez les r\u00e9ponses aux questions les plus fr\u00e9quemment pos\u00e9es concernant notre association, nos actions et la fa\u00e7on dont vous pouvez nous aider. Si vous avez des doutes ou des interrogations, n\u2019h\u00e9sitez pas \u00e0 consulter cette section pour obtenir des informations claires et d\u00e9taill\u00e9es. <\/p>\n\n\n\n<ul class=\"wp-block-list\">\n<li class=\"has-text-color has-link-color wp-elements-875b14ba73f5ec8ded51c432aab743fb\" style=\"color:#7cb63e\"><a href=\"#chat-trouv\u00e9\"><strong>J&rsquo;ai trouv\u00e9 un chat dans la rue, que faire ? <\/strong><\/a><\/li>\n\n\n\n<li class=\"has-text-color has-link-color wp-elements-293c982f8b4dc742aca4af9ae62771ca\" style=\"color:#7cb63e\"><a href=\"#nos-conditions-d'adoption\"><strong>Quelles sont vos conditions d&rsquo;adoption ?<\/strong><\/a><\/li>\n\n\n\n<li class=\"has-text-color has-link-color wp-elements-0891934e21b6df6f99656ec7a83bfca8\" style=\"color:#7cb63e\"><a href=\"#abandon\"><strong>Je ne peux plus m&rsquo;occuper de mon chat, puis-je vous le confier ?<\/strong><\/a><\/li>\n\n\n\n<li class=\"has-text-color has-link-color wp-elements-65b787598ac7c70be1781be8a0b9369c\" style=\"color:#7cb63e\"><a href=\"#voir-les-chats\"><strong>O\u00f9 voir vos chats ? <\/strong><\/a><\/li>\n\n\n\n<li class=\"has-text-color has-link-color wp-elements-4054caa57c6aafbc0b9ca5bddb6e45b8\" style=\"color:#7cb63e\"><a href=\"#comment-nous-aider\"><strong>Comment vous aider ?<\/strong><\/a><\/li>\n\n\n\n<li class=\"has-text-color has-link-color wp-elements-f88993a60c97d34e54a34f61a9ade571\" style=\"color:#7cb63e\"><strong><a href=\"#FIV\">Qu&rsquo;est-ce que le FIV ?<\/a><\/strong><\/li>\n<\/ul>\n\n\n\n<p>Si vous ne trouvez pas la r\u00e9ponse \u00e0 votre question, contactez-nous directement, nous serons ravis de vous r\u00e9pondre !<\/p>\n\n\n\n<hr class=\"wp-block-separator has-text-color has-alpha-channel-opacity has-background\" style=\"background-color:#7cb63e;color:#7cb63e\"\/>\n\n\n\n<p class=\"has-black-color has-text-color has-link-color has-large-font-size wp-elements-d99a62d60a9e76b7d92b765f706fa052\" id=\"chat-trouv\u00e9\"><strong>J&rsquo;ai trouv\u00e9 un chat dans la rue, que faire ?<\/strong><\/p>\n\n\n\n<p>Si vous croisez un chat qui semble perdu dans votre jardin, votre voisinage, un parc ou une rue que vous empruntez r\u00e9guli\u00e8rement, la priorit\u00e9 est de lui offrir une prise en charge rapide, s\u00e9curis\u00e9e et responsable.<br><br>Dans un premier temps, il est recommand\u00e9 de conduire le chat chez un v\u00e9t\u00e9rinaire pour un \u00e9tat des lieux et de v\u00e9rifier si l&rsquo;animal est identifi\u00e9 (par puce ou tatouage) pour tenter de retrouver son propri\u00e9taire. Cette v\u00e9rification est un service gratuit que tout v\u00e9t\u00e9rinaire est tenu d\u2019effectuer.<br><br>Si le chat n\u2019est pas identifi\u00e9 ou si le propri\u00e9taire est introuvable, il est conseill\u00e9 de signaler la trouvaille sur la page Facebook \u00ab\u00a0Pattes en Cavale 51\u00a0\u00bb, g\u00e9r\u00e9e par des b\u00e9n\u00e9voles. Vous pourrez y partager des informations d\u00e9taill\u00e9es sur le lieu et les circonstances de la d\u00e9couverte, et ainsi b\u00e9n\u00e9ficier d\u2019un r\u00e9seau de solidarit\u00e9 et d\u2019aide.<br><br>Enfin, n&rsquo;h\u00e9sitez pas \u00e0 vous renseigner aupr\u00e8s du voisinage, \u00e0 mettre des affiches \u00ab\u00a0chat trouv\u00e9\u00a0\u00bb, \u00e0 en parler aux commer\u00e7ants locaux et \u00e0 diffuser l&rsquo;information au maximum. Le bouche-\u00e0-oreille est souvent un moyen tr\u00e8s efficace pour retrouver le propri\u00e9taire ou trouver une solution, comme une place en famille d\u2019accueil, et permettre ainsi \u00e0 l\u2019animal de recevoir les soins et l&rsquo;attention n\u00e9cessaires.<br><br>Si le chat n&rsquo;appartient \u00e0 personne, il est essentiel que le chat soit couvert et mis en r\u00e8gle, c&rsquo;est-\u00e0-dire pris en charge par une association ou un refuge, afin de garantir son bien-\u00eatre et sa protection. Gr\u00e2ce \u00e0 une adoption via un contrat associatif, l&rsquo;animal pourra \u00eatre pris en charge de mani\u00e8re s\u00e9rieuse et responsable. Les associations sont les mieux plac\u00e9es pour assurer des adoptions responsables et prot\u00e9ger les chats, en leur offrant un suivi et en prenant en charge les frais li\u00e9s \u00e0 leur bien-\u00eatre, comme les soins v\u00e9t\u00e9rinaires.<\/p>\n\n\n\n<p>Bien que la famille d\u2019accueil joue un r\u00f4le crucial pour s&rsquo;occuper du chat au quotidien, l&rsquo;association est indispensable pour fournir un accompagnement, des conseils et un soutien financier. Un particulier ne peut pas, malgr\u00e9 sa bonne volont\u00e9, s\u2019improviser acteur de la protection animale sans le soutien d\u2019une structure sp\u00e9cialis\u00e9e.<\/p>\n\n\n\n<p>Que vous contactiez la Ronron Association ou une autre organisation, il est important de communiquer en toute transparence et de collaborer pour offrir le meilleur avenir possible aux f\u00e9lins dans le besoin.<\/p>\n\n\n\n<hr class=\"wp-block-separator has-text-color has-alpha-channel-opacity has-background\" style=\"background-color:#7cb63e;color:#7cb63e\"\/>\n\n\n\n<p class=\"has-black-color has-text-color has-link-color has-large-font-size wp-elements-daea9b3cd847235bac43fb2c9046bd24\" id=\"vos-conditions-d'adoption\"><strong>Quelles sont vos conditions d&rsquo;adoption ? <\/strong><\/p>\n\n\n\n<div class=\"wp-block-media-text is-stacked-on-mobile is-image-fill-element\" style=\"grid-template-columns:39% auto\"><figure class=\"wp-block-media-text__media\"><img loading=\"lazy\" decoding=\"async\" width=\"1024\" height=\"683\" src=\"https:\/\/ronron-asso.fr\/wp-content\/uploads\/2024\/12\/1536-1024-5-1024x683.jpg\" alt=\"\" class=\"wp-image-987 size-full\" style=\"object-position:46% 0%\" srcset=\"https:\/\/ronron-asso.fr\/wp-content\/uploads\/2024\/12\/1536-1024-5-1024x683.jpg 1024w, https:\/\/ronron-asso.fr\/wp-content\/uploads\/2024\/12\/1536-1024-5-300x200.jpg 300w, https:\/\/ronron-asso.fr\/wp-content\/uploads\/2024\/12\/1536-1024-5-768x512.jpg 768w, https:\/\/ronron-asso.fr\/wp-content\/uploads\/2024\/12\/1536-1024-5.jpg 1536w\" sizes=\"auto, (max-width: 1024px) 100vw, 1024px\" \/><\/figure><div class=\"wp-block-media-text__content\">\n<p>Nos conditions d&rsquo;adoption sont disponibles sur notre site. Pour les consulter, il vous suffit de cliquer <a href=\"https:\/\/ronron-asso.fr\/index.php\/adoption\/nos-demarches\/\">ici<\/a>. <br><br>Nous vous invitons \u00e0 prendre connaissance des crit\u00e8res et des engagements n\u00e9cessaires pour adopter un de nos prot\u00e9g\u00e9s, afin de garantir une adoption responsable et adapt\u00e9e aux besoins de l&rsquo;animal.<\/p>\n<\/div><\/div>\n\n\n\n<hr class=\"wp-block-separator has-text-color has-alpha-channel-opacity has-background\" style=\"background-color:#7cb63e;color:#7cb63e\"\/>\n\n\n\n<p class=\"has-black-color has-text-color has-link-color has-large-font-size wp-elements-89723093361ec8c49b613839d93077e3\" id=\"abandon\"><strong>Je ne peux plus m&rsquo;occuper de mon chat, puis-je vous le confier ?<\/strong><\/p>\n\n\n\n<p>Nous sommes d\u00e9sol\u00e9s pour la situation difficile que vous traversez, ainsi que pour votre compagnon qui va perdre son ma\u00eetre. Cependant, nous ne pouvons pas accepter les abandons.<\/p>\n\n\n\n<p>Nous luttons activement contre ce ph\u00e9nom\u00e8ne, car l\u2019adoption d\u2019un animal doit \u00eatre une d\u00e9cision r\u00e9fl\u00e9chie. Il est essentiel de penser \u00e0 l\u2019avenir de votre animal et, si n\u00e9cessaire, de pr\u00e9voir des solutions de confiance, comme des amis ou des membres de la famille, qui pourront en prendre soin si vous ne pouvez plus le faire.<\/p>\n\n\n\n<p>Concernant les allergies, sachez qu&rsquo;il existe des traitements antihistaminiques tr\u00e8s efficaces. D\u2019autres m\u00e9thodes de d\u00e9sensibilisation, comme l\u2019hypnose, peuvent \u00e9galement \u00eatre envisag\u00e9es pour am\u00e9liorer votre confort tout en gardant votre compagnon \u00e0 vos c\u00f4t\u00e9s.<\/p>\n\n\n\n<p>Nous nous effor\u00e7ons de sensibiliser la population \u00e0 ces comportements et nous ne pouvons pas encourager ceux qui abandonnent leurs animaux.<\/p>\n\n\n\n<p>Si votre situation est li\u00e9e \u00e0 des probl\u00e8mes de comportement ou de propret\u00e9 chez le chat, nous pouvons vous fournir des conseils et des solutions pour aider \u00e0 r\u00e9soudre ces difficult\u00e9s et am\u00e9liorer la cohabitation avec votre animal. N\u2019h\u00e9sitez pas \u00e0 nous contacter pour en discuter.<\/p>\n\n\n\n<hr class=\"wp-block-separator has-text-color has-alpha-channel-opacity has-background\" style=\"background-color:#7cb63e;color:#7cb63e\"\/>\n\n\n\n<p class=\"has-black-color has-text-color has-link-color has-large-font-size wp-elements-e28e6f27873a5f5f7c4abdcdfc25460d\" id=\"voir-les-chats\"><strong>O\u00f9 voir vos chats ? <\/strong><\/p>\n\n\n\n<div class=\"wp-block-media-text is-stacked-on-mobile is-image-fill-element\" style=\"grid-template-columns:22% auto\"><figure class=\"wp-block-media-text__media\"><img loading=\"lazy\" decoding=\"async\" width=\"683\" height=\"1024\" src=\"https:\/\/ronron-asso.fr\/wp-content\/uploads\/2024\/12\/683-1024-3.jpg\" alt=\"\" class=\"wp-image-986 size-full\" style=\"object-position:55% 30%\" srcset=\"https:\/\/ronron-asso.fr\/wp-content\/uploads\/2024\/12\/683-1024-3.jpg 683w, https:\/\/ronron-asso.fr\/wp-content\/uploads\/2024\/12\/683-1024-3-200x300.jpg 200w\" sizes=\"auto, (max-width: 683px) 100vw, 683px\" \/><\/figure><div class=\"wp-block-media-text__content\">\n<p>Veuillez noter que nous ne sommes pas un refuge, il n&rsquo;est donc pas possible de voir tous nos chats en un seul endroit. Nos animaux sont r\u00e9partis dans diff\u00e9rentes familles d\u2019accueil \u00e0 Reims et ses environs, ce qui nous permet de leur offrir un environnement s\u00e9curis\u00e9 et adapt\u00e9 \u00e0 leurs besoins. <br><br>Si vous souhaitez rencontrer l\u2019un de nos prot\u00e9g\u00e9s, nous vous invitons \u00e0 nous contacter pour organiser une rencontre ou obtenir plus d\u2019informations sur l\u2019animal qui vous int\u00e9resse.<\/p>\n\n\n\n<p><\/p>\n\n\n\n<div class=\"wp-block-buttons is-content-justification-center is-layout-flex wp-container-core-buttons-is-layout-a89b3969 wp-block-buttons-is-layout-flex\">\n<div class=\"wp-block-button has-custom-width wp-block-button__width-50\"><a class=\"wp-block-button__link has-background wp-element-button\" href=\"https:\/\/ronron-asso.fr\/index.php\/adoption\/nos-chats-a-ladoption\/\" style=\"background-color:#7cb63e\"><strong>Voir les chats \u00e0 l&rsquo;adoption<\/strong><\/a><\/div>\n<\/div>\n<\/div><\/div>\n\n\n\n<hr class=\"wp-block-separator has-text-color has-alpha-channel-opacity has-background\" style=\"background-color:#7cb63e;color:#7cb63e\"\/>\n\n\n\n<p class=\"has-black-color has-text-color has-link-color has-large-font-size wp-elements-64f272c17edeed28d85dbb45306f4b5d\" id=\"comment-nous-aider\"><strong>Comment vous aider ? <\/strong><\/p>\n\n\n\n<p>Il existe plusieurs fa\u00e7ons de soutenir la Ronron Association et de contribuer \u00e0 notre mission. Vous pouvez :<\/p>\n\n\n\n<ol class=\"wp-block-list\">\n<li><strong>Faire un don<\/strong>&nbsp;: Plus de renseignements en cliquant <a href=\"https:\/\/ronron-asso.fr\/index.php\/nous-aider\/dons\/\">ici<\/a>.<\/li>\n\n\n\n<li><strong>Devenir famille d&rsquo;accueil<\/strong>&nbsp;: Plus de renseignements en cliquant <a href=\"https:\/\/ronron-asso.fr\/index.php\/nous-aider\/devenir-famille-daccueil\/\">ici<\/a>.<\/li>\n\n\n\n<li><strong>Devenir b\u00e9n\u00e9vole<\/strong>&nbsp;: Plus de renseignements en cliquant <a href=\"https:\/\/ronron-asso.fr\/index.php\/les-benevoles\/\">ici<\/a>.<\/li>\n<\/ol>\n\n\n\n<hr class=\"wp-block-separator has-text-color has-alpha-channel-opacity has-background\" style=\"background-color:#7cb63e;color:#7cb63e\"\/>\n\n\n\n<p class=\"has-black-color has-text-color has-link-color has-large-font-size wp-elements-72e55b8490f8c009a0fd47415675aec2\" id=\"FIV\"><strong>Qu&rsquo;est-ce que le FIV ?<\/strong><\/p>\n\n\n\n<p>Certains chats disponibles \u00e0 l&rsquo;adoption sont porteurs du virus de l&rsquo;immunod\u00e9ficience f\u00e9line (FIV), \u00e9galement connu sous le nom de SIDA des chats. Il s\u2019agit d\u2019une maladie virale qui peut affaiblir le syst\u00e8me immunitaire du chat, le rendant alors plus vuln\u00e9rable aux infections et aux maladies. <\/p>\n\n\n\n<p>Le virus \u00e9tant \u00e0 \u00e9volution lente, le chat peut rester s\u00e9ropositif pendant des ann\u00e9es avant de d\u00e9clarer le SIDA, voire ne jamais le d\u00e9clarer et rester porteur asymptomatique toute sa vie. Ainsi, il est important de comprendre qu&rsquo;un chat FIV+ n&rsquo;est pas n\u00e9cessairement malade : il peut l\u2019\u00eatre, mais cela n\u2019est pas syst\u00e9matique. Il est toutefois recommand\u00e9 de surveiller \u00e9troitement sa sant\u00e9 en raison de son syst\u00e8me immunitaire affaibli. Par cons\u00e9quent, pour des mesures de s\u00e9curit\u00e9 et de sant\u00e9, nous d\u00e9conseillons fortement de laisser sortir un chat FIV+. <\/p>\n\n\n\n<p>Il est \u00e9galement important de savoir que ce virus ne se transmet qu&rsquo;entre f\u00e9lins, principalement par des voies telles que les rapports sexuels, la salive ou le sang (ce qui n\u2019arrive g\u00e9n\u00e9ralement qu\u2019en cas de grosses bagarres). Il n&rsquo;y a donc aucun risque de transmission \u00e0 l&rsquo;homme ou aux autres animaux.<\/p>\n\n\n\n<p>Ces chats positifs sont donc des chats comme les autres, ils ont seulement un petit truc en plus : deux barres sur un test au lieu d\u2019une seule !<\/p>\n\n\n\n<p><\/p>\n","protected":false},"excerpt":{"rendered":"<p>Bienvenue dans notre FAQ ! Ici, vous trouverez les r\u00e9ponses aux questions les plus fr\u00e9quemment pos\u00e9es concernant notre association, nos actions et la fa\u00e7on dont vous pouvez nous aider. Si vous avez des doutes ou des interrogations, n\u2019h\u00e9sitez pas \u00e0 consulter cette section pour obtenir des informations claires et d\u00e9taill\u00e9es. Si vous ne trouvez pas [&hellip;]<\/p>\n","protected":false},"author":2,"featured_media":0,"parent":0,"menu_order":0,"comment_status":"closed","ping_status":"closed","template":"","meta":{"footnotes":""},"class_list":["post-28","page","type-page","status-publish","hentry"],"blocksy_meta":[],"yoast_head":"<!-- This site is optimized with the Yoast SEO plugin v26.1.1 - https:\/\/yoast.com\/wordpress\/plugins\/seo\/ -->\n<title>FAQ - Ronron Association - Reims<\/title>\n<meta name=\"robots\" content=\"index, follow, max-snippet:-1, max-image-preview:large, max-video-preview:-1\" \/>\n<link rel=\"canonical\" href=\"https:\/\/ronron-asso.fr\/index.php\/prise-en-charge\/\" \/>\n<meta property=\"og:locale\" content=\"fr_FR\" \/>\n<meta property=\"og:type\" content=\"article\" \/>\n<meta property=\"og:title\" content=\"FAQ - Ronron Association - Reims\" \/>\n<meta property=\"og:description\" content=\"Bienvenue dans notre FAQ ! Ici, vous trouverez les r\u00e9ponses aux questions les plus fr\u00e9quemment pos\u00e9es concernant notre association, nos actions et la fa\u00e7on dont vous pouvez nous aider. Si vous avez des doutes ou des interrogations, n\u2019h\u00e9sitez pas \u00e0 consulter cette section pour obtenir des informations claires et d\u00e9taill\u00e9es. Si vous ne trouvez pas [&hellip;]\" \/>\n<meta property=\"og:url\" content=\"https:\/\/ronron-asso.fr\/index.php\/prise-en-charge\/\" \/>\n<meta property=\"og:site_name\" content=\"Ronron Association - Reims\" \/>\n<meta property=\"article:modified_time\" content=\"2024-12-23T20:08:04+00:00\" \/>\n<meta property=\"og:image\" content=\"https:\/\/ronron-asso.fr\/wp-content\/uploads\/2024\/12\/1536-1024-5.jpg\" \/>\n\t<meta property=\"og:image:width\" content=\"1536\" \/>\n\t<meta property=\"og:image:height\" content=\"1024\" \/>\n\t<meta property=\"og:image:type\" content=\"image\/jpeg\" \/>\n<meta name=\"twitter:card\" content=\"summary_large_image\" \/>\n<meta name=\"twitter:label1\" content=\"Dur\u00e9e de lecture estim\u00e9e\" \/>\n\t<meta name=\"twitter:data1\" content=\"6 minutes\" \/>\n<script type=\"application\/ld+json\" class=\"yoast-schema-graph\">{\"@context\":\"https:\/\/schema.org\",\"@graph\":[{\"@type\":\"WebPage\",\"@id\":\"https:\/\/ronron-asso.fr\/index.php\/prise-en-charge\/\",\"url\":\"https:\/\/ronron-asso.fr\/index.php\/prise-en-charge\/\",\"name\":\"FAQ - Ronron Association - Reims\",\"isPartOf\":{\"@id\":\"https:\/\/ronron-asso.fr\/#website\"},\"primaryImageOfPage\":{\"@id\":\"https:\/\/ronron-asso.fr\/index.php\/prise-en-charge\/#primaryimage\"},\"image\":{\"@id\":\"https:\/\/ronron-asso.fr\/index.php\/prise-en-charge\/#primaryimage\"},\"thumbnailUrl\":\"https:\/\/ronron-asso.fr\/wp-content\/uploads\/2024\/12\/1536-1024-5-1024x683.jpg\",\"datePublished\":\"2022-03-10T10:45:40+00:00\",\"dateModified\":\"2024-12-23T20:08:04+00:00\",\"breadcrumb\":{\"@id\":\"https:\/\/ronron-asso.fr\/index.php\/prise-en-charge\/#breadcrumb\"},\"inLanguage\":\"fr-FR\",\"potentialAction\":[{\"@type\":\"ReadAction\",\"target\":[\"https:\/\/ronron-asso.fr\/index.php\/prise-en-charge\/\"]}]},{\"@type\":\"ImageObject\",\"inLanguage\":\"fr-FR\",\"@id\":\"https:\/\/ronron-asso.fr\/index.php\/prise-en-charge\/#primaryimage\",\"url\":\"https:\/\/ronron-asso.fr\/wp-content\/uploads\/2024\/12\/1536-1024-5.jpg\",\"contentUrl\":\"https:\/\/ronron-asso.fr\/wp-content\/uploads\/2024\/12\/1536-1024-5.jpg\",\"width\":1536,\"height\":1024},{\"@type\":\"BreadcrumbList\",\"@id\":\"https:\/\/ronron-asso.fr\/index.php\/prise-en-charge\/#breadcrumb\",\"itemListElement\":[{\"@type\":\"ListItem\",\"position\":1,\"name\":\"Accueil\",\"item\":\"https:\/\/ronron-asso.fr\/\"},{\"@type\":\"ListItem\",\"position\":2,\"name\":\"FAQ\"}]},{\"@type\":\"WebSite\",\"@id\":\"https:\/\/ronron-asso.fr\/#website\",\"url\":\"https:\/\/ronron-asso.fr\/\",\"name\":\"Ronron Association - Reims\",\"description\":\"\",\"potentialAction\":[{\"@type\":\"SearchAction\",\"target\":{\"@type\":\"EntryPoint\",\"urlTemplate\":\"https:\/\/ronron-asso.fr\/?s={search_term_string}\"},\"query-input\":{\"@type\":\"PropertyValueSpecification\",\"valueRequired\":true,\"valueName\":\"search_term_string\"}}],\"inLanguage\":\"fr-FR\"}]}<\/script>\n<!-- \/ Yoast SEO plugin. -->","yoast_head_json":{"title":"FAQ - Ronron Association - Reims","robots":{"index":"index","follow":"follow","max-snippet":"max-snippet:-1","max-image-preview":"max-image-preview:large","max-video-preview":"max-video-preview:-1"},"canonical":"https:\/\/ronron-asso.fr\/index.php\/prise-en-charge\/","og_locale":"fr_FR","og_type":"article","og_title":"FAQ - Ronron Association - Reims","og_description":"Bienvenue dans notre FAQ ! Ici, vous trouverez les r\u00e9ponses aux questions les plus fr\u00e9quemment pos\u00e9es concernant notre association, nos actions et la fa\u00e7on dont vous pouvez nous aider. Si vous avez des doutes ou des interrogations, n\u2019h\u00e9sitez pas \u00e0 consulter cette section pour obtenir des informations claires et d\u00e9taill\u00e9es. Si vous ne trouvez pas [&hellip;]","og_url":"https:\/\/ronron-asso.fr\/index.php\/prise-en-charge\/","og_site_name":"Ronron Association - Reims","article_modified_time":"2024-12-23T20:08:04+00:00","og_image":[{"width":1536,"height":1024,"url":"https:\/\/ronron-asso.fr\/wp-content\/uploads\/2024\/12\/1536-1024-5.jpg","type":"image\/jpeg"}],"twitter_card":"summary_large_image","twitter_misc":{"Dur\u00e9e de lecture estim\u00e9e":"6 minutes"},"schema":{"@context":"https:\/\/schema.org","@graph":[{"@type":"WebPage","@id":"https:\/\/ronron-asso.fr\/index.php\/prise-en-charge\/","url":"https:\/\/ronron-asso.fr\/index.php\/prise-en-charge\/","name":"FAQ - Ronron Association - Reims","isPartOf":{"@id":"https:\/\/ronron-asso.fr\/#website"},"primaryImageOfPage":{"@id":"https:\/\/ronron-asso.fr\/index.php\/prise-en-charge\/#primaryimage"},"image":{"@id":"https:\/\/ronron-asso.fr\/index.php\/prise-en-charge\/#primaryimage"},"thumbnailUrl":"https:\/\/ronron-asso.fr\/wp-content\/uploads\/2024\/12\/1536-1024-5-1024x683.jpg","datePublished":"2022-03-10T10:45:40+00:00","dateModified":"2024-12-23T20:08:04+00:00","breadcrumb":{"@id":"https:\/\/ronron-asso.fr\/index.php\/prise-en-charge\/#breadcrumb"},"inLanguage":"fr-FR","potentialAction":[{"@type":"ReadAction","target":["https:\/\/ronron-asso.fr\/index.php\/prise-en-charge\/"]}]},{"@type":"ImageObject","inLanguage":"fr-FR","@id":"https:\/\/ronron-asso.fr\/index.php\/prise-en-charge\/#primaryimage","url":"https:\/\/ronron-asso.fr\/wp-content\/uploads\/2024\/12\/1536-1024-5.jpg","contentUrl":"https:\/\/ronron-asso.fr\/wp-content\/uploads\/2024\/12\/1536-1024-5.jpg","width":1536,"height":1024},{"@type":"BreadcrumbList","@id":"https:\/\/ronron-asso.fr\/index.php\/prise-en-charge\/#breadcrumb","itemListElement":[{"@type":"ListItem","position":1,"name":"Accueil","item":"https:\/\/ronron-asso.fr\/"},{"@type":"ListItem","position":2,"name":"FAQ"}]},{"@type":"WebSite","@id":"https:\/\/ronron-asso.fr\/#website","url":"https:\/\/ronron-asso.fr\/","name":"Ronron Association - Reims","description":"","potentialAction":[{"@type":"SearchAction","target":{"@type":"EntryPoint","urlTemplate":"https:\/\/ronron-asso.fr\/?s={search_term_string}"},"query-input":{"@type":"PropertyValueSpecification","valueRequired":true,"valueName":"search_term_string"}}],"inLanguage":"fr-FR"}]}},"_links":{"self":[{"href":"https:\/\/ronron-asso.fr\/index.php\/wp-json\/wp\/v2\/pages\/28","targetHints":{"allow":["GET"]}}],"collection":[{"href":"https:\/\/ronron-asso.fr\/index.php\/wp-json\/wp\/v2\/pages"}],"about":[{"href":"https:\/\/ronron-asso.fr\/index.php\/wp-json\/wp\/v2\/types\/page"}],"author":[{"embeddable":true,"href":"https:\/\/ronron-asso.fr\/index.php\/wp-json\/wp\/v2\/users\/2"}],"replies":[{"embeddable":true,"href":"https:\/\/ronron-asso.fr\/index.php\/wp-json\/wp\/v2\/comments?post=28"}],"version-history":[{"count":11,"href":"https:\/\/ronron-asso.fr\/index.php\/wp-json\/wp\/v2\/pages\/28\/revisions"}],"predecessor-version":[{"id":1031,"href":"https:\/\/ronron-asso.fr\/index.php\/wp-json\/wp\/v2\/pages\/28\/revisions\/1031"}],"wp:attachment":[{"href":"https:\/\/ronron-asso.fr\/index.php\/wp-json\/wp\/v2\/media?parent=28"}],"curies":[{"name":"wp","href":"https:\/\/api.w.org\/{rel}","templated":true}]}}