{"id":398,"date":"2022-03-10T11:34:30","date_gmt":"2022-03-10T10:34:30","guid":{"rendered":"http:\/\/localhost\/monsitewebwordpress\/?page_id=10"},"modified":"2024-12-23T15:52:58","modified_gmt":"2024-12-23T14:52:58","slug":"mentions-legales","status":"publish","type":"page","link":"https:\/\/ronron-asso.fr\/index.php\/mentions-legales\/","title":{"rendered":"Mentions l\u00e9gales"},"content":{"rendered":"\n<p>Conform\u00e9ment aux dispositions de la loi n\u00b0 2004-575 du 21 juin 2004 pour la confiance en l\u2019\u00e9conomie num\u00e9rique, il est pr\u00e9cis\u00e9 aux utilisateurs du site de la Ronron Association&nbsp;l\u2019identit\u00e9 des diff\u00e9rents intervenants dans le cadre de sa r\u00e9alisation et de son suivi.<\/p>\n\n\n\n<h3 class=\"wp-block-heading has-medium-font-size\"><strong>Edition du site<\/strong><\/h3>\n\n\n\n<p>Le site&nbsp;de la Ronron Association est \u00e9dit\u00e9 par l&rsquo;association Ronron Association r\u00e9gie par la loi du 1er juillet 1901 et le d\u00e9cret du 16 ao\u00fbt 1901, dont le si\u00e8ge social est situ\u00e9 \u00e0 Reims, dans la Marne (51) en France.<\/p>\n\n\n\n<h3 class=\"wp-block-heading has-medium-font-size\"><strong>Responsable de publication<\/strong><\/h3>\n\n\n\n<p>Roxane Valette<\/p>\n\n\n\n<h3 class=\"wp-block-heading has-medium-font-size\"><strong>Nous contacter<\/strong><\/h3>\n\n\n\n<ul class=\"wp-block-list\">\n<li>Par email : ronronassociation@gmail.fr<\/li>\n<\/ul>\n\n\n\n<h3 class=\"wp-block-heading has-medium-font-size\"><strong>H\u00e9bergeur<\/strong><\/h3>\n\n\n\n<p>Le site de la Ronron Association&nbsp;est h\u00e9berg\u00e9 par localhost.<\/p>\n\n\n\n<p><\/p>\n","protected":false},"excerpt":{"rendered":"<p>Conform\u00e9ment aux dispositions de la loi n\u00b0 2004-575 du 21 juin 2004 pour la confiance en l\u2019\u00e9conomie num\u00e9rique, il est pr\u00e9cis\u00e9 aux utilisateurs du site de la Ronron Association&nbsp;l\u2019identit\u00e9 des diff\u00e9rents intervenants dans le cadre de sa r\u00e9alisation et de son suivi. Edition du site Le site&nbsp;de la Ronron Association est \u00e9dit\u00e9 par l&rsquo;association Ronron [&hellip;]<\/p>\n","protected":false},"author":2,"featured_media":0,"parent":0,"menu_order":0,"comment_status":"closed","ping_status":"closed","template":"","meta":{"footnotes":""},"class_list":["post-398","page","type-page","status-publish","hentry"],"blocksy_meta":[],"yoast_head":"<!-- This site is optimized with the Yoast SEO plugin v26.1.1 - https:\/\/yoast.com\/wordpress\/plugins\/seo\/ -->\n<title>Mentions l\u00e9gales - Ronron Association - Reims<\/title>\n<meta name=\"robots\" content=\"index, follow, max-snippet:-1, max-image-preview:large, max-video-preview:-1\" \/>\n<link rel=\"canonical\" href=\"https:\/\/ronron-asso.fr\/index.php\/mentions-legales\/\" \/>\n<meta property=\"og:locale\" content=\"fr_FR\" \/>\n<meta property=\"og:type\" content=\"article\" \/>\n<meta property=\"og:title\" content=\"Mentions l\u00e9gales - Ronron Association - Reims\" \/>\n<meta property=\"og:description\" content=\"Conform\u00e9ment aux dispositions de la loi n\u00b0 2004-575 du 21 juin 2004 pour la confiance en l\u2019\u00e9conomie num\u00e9rique, il est pr\u00e9cis\u00e9 aux utilisateurs du site de la Ronron Association&nbsp;l\u2019identit\u00e9 des diff\u00e9rents intervenants dans le cadre de sa r\u00e9alisation et de son suivi. Edition du site Le site&nbsp;de la Ronron Association est \u00e9dit\u00e9 par l&rsquo;association Ronron [&hellip;]\" \/>\n<meta property=\"og:url\" content=\"https:\/\/ronron-asso.fr\/index.php\/mentions-legales\/\" \/>\n<meta property=\"og:site_name\" content=\"Ronron Association - Reims\" \/>\n<meta property=\"article:modified_time\" content=\"2024-12-23T14:52:58+00:00\" \/>\n<meta name=\"twitter:card\" content=\"summary_large_image\" \/>\n<meta name=\"twitter:label1\" content=\"Dur\u00e9e de lecture estim\u00e9e\" \/>\n\t<meta name=\"twitter:data1\" content=\"1 minute\" \/>\n<script type=\"application\/ld+json\" class=\"yoast-schema-graph\">{\"@context\":\"https:\/\/schema.org\",\"@graph\":[{\"@type\":\"WebPage\",\"@id\":\"https:\/\/ronron-asso.fr\/index.php\/mentions-legales\/\",\"url\":\"https:\/\/ronron-asso.fr\/index.php\/mentions-legales\/\",\"name\":\"Mentions l\u00e9gales - Ronron Association - Reims\",\"isPartOf\":{\"@id\":\"https:\/\/ronron-asso.fr\/#website\"},\"datePublished\":\"2022-03-10T10:34:30+00:00\",\"dateModified\":\"2024-12-23T14:52:58+00:00\",\"breadcrumb\":{\"@id\":\"https:\/\/ronron-asso.fr\/index.php\/mentions-legales\/#breadcrumb\"},\"inLanguage\":\"fr-FR\",\"potentialAction\":[{\"@type\":\"ReadAction\",\"target\":[\"https:\/\/ronron-asso.fr\/index.php\/mentions-legales\/\"]}]},{\"@type\":\"BreadcrumbList\",\"@id\":\"https:\/\/ronron-asso.fr\/index.php\/mentions-legales\/#breadcrumb\",\"itemListElement\":[{\"@type\":\"ListItem\",\"position\":1,\"name\":\"Accueil\",\"item\":\"https:\/\/ronron-asso.fr\/\"},{\"@type\":\"ListItem\",\"position\":2,\"name\":\"Mentions l\u00e9gales\"}]},{\"@type\":\"WebSite\",\"@id\":\"https:\/\/ronron-asso.fr\/#website\",\"url\":\"https:\/\/ronron-asso.fr\/\",\"name\":\"Ronron Association - Reims\",\"description\":\"\",\"potentialAction\":[{\"@type\":\"SearchAction\",\"target\":{\"@type\":\"EntryPoint\",\"urlTemplate\":\"https:\/\/ronron-asso.fr\/?s={search_term_string}\"},\"query-input\":{\"@type\":\"PropertyValueSpecification\",\"valueRequired\":true,\"valueName\":\"search_term_string\"}}],\"inLanguage\":\"fr-FR\"}]}<\/script>\n<!-- \/ Yoast SEO plugin. -->","yoast_head_json":{"title":"Mentions l\u00e9gales - Ronron Association - Reims","robots":{"index":"index","follow":"follow","max-snippet":"max-snippet:-1","max-image-preview":"max-image-preview:large","max-video-preview":"max-video-preview:-1"},"canonical":"https:\/\/ronron-asso.fr\/index.php\/mentions-legales\/","og_locale":"fr_FR","og_type":"article","og_title":"Mentions l\u00e9gales - Ronron Association - Reims","og_description":"Conform\u00e9ment aux dispositions de la loi n\u00b0 2004-575 du 21 juin 2004 pour la confiance en l\u2019\u00e9conomie num\u00e9rique, il est pr\u00e9cis\u00e9 aux utilisateurs du site de la Ronron Association&nbsp;l\u2019identit\u00e9 des diff\u00e9rents intervenants dans le cadre de sa r\u00e9alisation et de son suivi. Edition du site Le site&nbsp;de la Ronron Association est \u00e9dit\u00e9 par l&rsquo;association Ronron [&hellip;]","og_url":"https:\/\/ronron-asso.fr\/index.php\/mentions-legales\/","og_site_name":"Ronron Association - Reims","article_modified_time":"2024-12-23T14:52:58+00:00","twitter_card":"summary_large_image","twitter_misc":{"Dur\u00e9e de lecture estim\u00e9e":"1 minute"},"schema":{"@context":"https:\/\/schema.org","@graph":[{"@type":"WebPage","@id":"https:\/\/ronron-asso.fr\/index.php\/mentions-legales\/","url":"https:\/\/ronron-asso.fr\/index.php\/mentions-legales\/","name":"Mentions l\u00e9gales - Ronron Association - Reims","isPartOf":{"@id":"https:\/\/ronron-asso.fr\/#website"},"datePublished":"2022-03-10T10:34:30+00:00","dateModified":"2024-12-23T14:52:58+00:00","breadcrumb":{"@id":"https:\/\/ronron-asso.fr\/index.php\/mentions-legales\/#breadcrumb"},"inLanguage":"fr-FR","potentialAction":[{"@type":"ReadAction","target":["https:\/\/ronron-asso.fr\/index.php\/mentions-legales\/"]}]},{"@type":"BreadcrumbList","@id":"https:\/\/ronron-asso.fr\/index.php\/mentions-legales\/#breadcrumb","itemListElement":[{"@type":"ListItem","position":1,"name":"Accueil","item":"https:\/\/ronron-asso.fr\/"},{"@type":"ListItem","position":2,"name":"Mentions l\u00e9gales"}]},{"@type":"WebSite","@id":"https:\/\/ronron-asso.fr\/#website","url":"https:\/\/ronron-asso.fr\/","name":"Ronron Association - Reims","description":"","potentialAction":[{"@type":"SearchAction","target":{"@type":"EntryPoint","urlTemplate":"https:\/\/ronron-asso.fr\/?s={search_term_string}"},"query-input":{"@type":"PropertyValueSpecification","valueRequired":true,"valueName":"search_term_string"}}],"inLanguage":"fr-FR"}]}},"_links":{"self":[{"href":"https:\/\/ronron-asso.fr\/index.php\/wp-json\/wp\/v2\/pages\/398","targetHints":{"allow":["GET"]}}],"collection":[{"href":"https:\/\/ronron-asso.fr\/index.php\/wp-json\/wp\/v2\/pages"}],"about":[{"href":"https:\/\/ronron-asso.fr\/index.php\/wp-json\/wp\/v2\/types\/page"}],"author":[{"embeddable":true,"href":"https:\/\/ronron-asso.fr\/index.php\/wp-json\/wp\/v2\/users\/2"}],"replies":[{"embeddable":true,"href":"https:\/\/ronron-asso.fr\/index.php\/wp-json\/wp\/v2\/comments?post=398"}],"version-history":[{"count":1,"href":"https:\/\/ronron-asso.fr\/index.php\/wp-json\/wp\/v2\/pages\/398\/revisions"}],"predecessor-version":[{"id":929,"href":"https:\/\/ronron-asso.fr\/index.php\/wp-json\/wp\/v2\/pages\/398\/revisions\/929"}],"wp:attachment":[{"href":"https:\/\/ronron-asso.fr\/index.php\/wp-json\/wp\/v2\/media?parent=398"}],"curies":[{"name":"wp","href":"https:\/\/api.w.org\/{rel}","templated":true}]}}