{"id":561,"date":"2024-02-01T17:50:49","date_gmt":"2024-02-01T16:50:49","guid":{"rendered":"https:\/\/ronron-asso.fr\/?page_id=561"},"modified":"2024-12-23T16:28:54","modified_gmt":"2024-12-23T15:28:54","slug":"nos-demarches","status":"publish","type":"page","link":"https:\/\/ronron-asso.fr\/index.php\/adoption\/nos-demarches\/","title":{"rendered":"La proc\u00e9dure d&rsquo;adoption"},"content":{"rendered":"<div class=\"yoast-breadcrumbs\"><span><span><a href=\"https:\/\/ronron-asso.fr\/\">Accueil<\/a><\/span> &gt; <span><a href=\"https:\/\/ronron-asso.fr\/index.php\/adoption\/\">Adoption<\/a><\/span> &gt; <span class=\"breadcrumb_last\" aria-current=\"page\">La proc\u00e9dure d&rsquo;adoption<\/span><\/span><\/div>\n\n\n<p>Vous envisagez d&rsquo;adopter un nouveau chat ou votre projet d&rsquo;adoption est d\u00e9j\u00e0 bien avanc\u00e9, et vous vous demandez comment cela se passe avec une association ?<\/p>\n\n\n\n<p>Chez nous, le processus d&rsquo;adoption se d\u00e9roule en 5 \u00e9tapes cl\u00e9s :<\/p>\n\n\n\n<ol class=\"wp-block-list\">\n<li class=\"has-text-color has-link-color wp-elements-469efba38766b049dc81845fbb7bfb40\" style=\"color:#7cb63e\"><a href=\"#questionnaire\"><strong>Le questionnaire<\/strong>.<\/a><\/li>\n\n\n\n<li class=\"has-text-color has-link-color wp-elements-25420f9025e0cc44a51c0664ddfeee12\" style=\"color:#7cb63e\"><a href=\"#rencontre\"><strong>La rencontre<\/strong>.<\/a><\/li>\n\n\n\n<li class=\"has-text-color has-link-color wp-elements-b05a59e4b9498b060d9be932b60874f6\" style=\"color:#7cb63e\"><a href=\"#pr\u00e9-visite\"><strong>La pr\u00e9-visite<\/strong>.<\/a><\/li>\n\n\n\n<li class=\"has-text-color has-link-color wp-elements-8bffc8db226a61f7b569d283a9aa022a\" style=\"color:#7cb63e\"><a href=\"#adoption\"><strong>L\u2019adoption<\/strong>.<\/a><\/li>\n\n\n\n<li class=\"has-text-color has-link-color wp-elements-cd7fdc8ecdf31e5b51c244da31b8c173\" style=\"color:#7cb63e\"><a href=\"#post-visite\"><strong>La post-visite<\/strong>.<\/a><\/li>\n<\/ol>\n\n\n\n<p>Par ces 5 \u00e9tapes, nous mettons tout en \u0153uvre pour nous adapter \u00e0 chaque situation et vous conseiller de mani\u00e8re personnalis\u00e9e. En fonction de nos disponibilit\u00e9s, le processus d\u2019adoption peut prendre plusieurs semaines, en g\u00e9n\u00e9ral autour d&rsquo;un mois.<\/p>\n\n\n\n<hr class=\"wp-block-separator has-text-color has-alpha-channel-opacity has-background\" style=\"background-color:#7cb63e;color:#7cb63e\"\/>\n\n\n\n<h3 class=\"wp-block-heading has-text-align-left has-black-color has-text-color has-link-color has-large-font-size wp-elements-de8f920c8a2411ea1ccaf8d2289a9696\" id=\"questionnaire\" style=\"border-style:none;border-width:0px\">Le questionnaire<\/h3>\n\n\n\n<p>Nos premiers \u00e9changes sont cruciaux pour d\u00e9terminer si l\u2019un de nos prot\u00e9g\u00e9s pourrait \u00eatre le compagnon id\u00e9al pour vous : : est-ce que votre cadre de vie correspond aux besoins du chat ? Est-ce que le caract\u00e8re du chat sont en ad\u00e9quation avec ce que vous rechercher chez votre futur animal ? Il est important de v\u00e9rifier si votre cadre de vie correspond aux besoins du chat, et si le caract\u00e8re de l\u2019animal s\u2019harmonise avec ce que vous recherchez chez votre futur compagnon.<\/p>\n\n\n\n<p>Pour cela, nous vous enverrons un questionnaire d\u00e9taill\u00e9. Ce formulaire comprend des informations sur le processus d\u2019adoption et nous permet d\u2019en apprendre davantage sur vous : le nombre de personnes dans votre foyer, le type de logement, vos coordonn\u00e9es, etc. Il vous aide aussi \u00e0 r\u00e9fl\u00e9chir aux aspects pratiques de l\u2019adoption, comme l\u2019organisation des vacances, le budget annuel, et si votre chat pourra sortir \u00e0 l\u2019ext\u00e9rieur.<\/p>\n\n\n\n<p>Cette \u00e9tape est essentielle car elle vous permet de \u00ab\u00a0r\u00e9server\u00a0\u00bb le chat que vous envisagez d&rsquo;adopter. Pas d&rsquo;inqui\u00e9tude, cela ne vous engage pas encore \u00e0 finaliser l\u2019adoption.<\/p>\n\n\n\n<hr class=\"wp-block-separator has-text-color has-alpha-channel-opacity has-background\" style=\"background-color:#7cb63e;color:#7cb63e\"\/>\n\n\n\n<h3 class=\"wp-block-heading has-text-align-left has-black-color has-text-color has-link-color has-large-font-size wp-elements-8b493707a63dfd90ebc2b0b70ca4a3b3\" id=\"rencontre\" style=\"border-style:none;border-width:0px\">La rencontre<\/h3>\n\n\n\n<p>La rencontre, organis\u00e9e uniquement entre vous et la famille d\u2019accueil du chat, est une \u00e9tape essentielle du processus. Elle vous permet de d\u00e9couvrir le caract\u00e8re du chat et de v\u00e9rifier qu\u2019il correspond bien \u00e0 ce que vous attendiez. Il est important que tous les membres de votre foyer soient pr\u00e9sents lors de cette rencontre afin de s\u2019assurer de l\u2019entente entre l\u2019animal et chaque personne.<\/p>\n\n\n\n<p>\u00c0 la fin de cette rencontre, c\u2019est \u00e0 vous de revenir vers nous pour nous faire part de vos impressions. Si le chat vous convient, nous pourrons alors passer \u00e0 l\u2019\u00e9tape suivante du processus d\u2019adoption.<\/p>\n\n\n\n<hr class=\"wp-block-separator has-text-color has-alpha-channel-opacity has-background\" style=\"background-color:#7cb63e;color:#7cb63e\"\/>\n\n\n\n<h3 class=\"wp-block-heading has-text-align-left has-black-color has-text-color has-link-color has-large-font-size wp-elements-858cb35694d1c215b61f7e775063c29e\" id=\"pr\u00e9-visite\" style=\"border-style:none;border-width:0px\">La pr\u00e9-visite<\/h3>\n\n\n\n<div class=\"wp-block-group is-layout-constrained wp-block-group-is-layout-constrained\">\n<div class=\"wp-block-columns is-layout-flex wp-container-core-columns-is-layout-28f84493 wp-block-columns-is-layout-flex\">\n<div class=\"wp-block-column is-layout-flow wp-block-column-is-layout-flow\" style=\"flex-basis:100%\">\n<div class=\"wp-block-media-text is-stacked-on-mobile\" style=\"grid-template-columns:28% auto\"><figure class=\"wp-block-media-text__media\"><img loading=\"lazy\" decoding=\"async\" width=\"827\" height=\"1024\" src=\"https:\/\/ronron-asso.fr\/wp-content\/uploads\/2024\/01\/cosmos-porte-827x1024.jpg\" alt=\"\" class=\"wp-image-525 size-full\" srcset=\"https:\/\/ronron-asso.fr\/wp-content\/uploads\/2024\/01\/cosmos-porte-827x1024.jpg 827w, https:\/\/ronron-asso.fr\/wp-content\/uploads\/2024\/01\/cosmos-porte-242x300.jpg 242w, https:\/\/ronron-asso.fr\/wp-content\/uploads\/2024\/01\/cosmos-porte-768x951.jpg 768w, https:\/\/ronron-asso.fr\/wp-content\/uploads\/2024\/01\/cosmos-porte.jpg 1161w\" sizes=\"auto, (max-width: 827px) 100vw, 827px\" \/><\/figure><div class=\"wp-block-media-text__content\">\n<p>\u00c0 partir des informations fournies dans le questionnaire, vos coordonn\u00e9es seront transmises \u00e0 nos b\u00e9n\u00e9voles appel\u00e9es \u00ab\u00a0visiteuses\u00a0\u00bb. Elles prendront contact avec vous pour organiser une visite \u00e0 votre domicile. Lors de cette visite, elles reviendront avec vous sur les points abord\u00e9s dans le questionnaire, tels que vos r\u00e9actions en cas d\u2019allergie aux poils de chat, l\u2019organisation pendant vos vacances, ou que faire en cas de probl\u00e8me avec l&rsquo;animal. L\u2019objectif n\u2019est pas d&rsquo;attendre des r\u00e9ponses pr\u00e9cises, mais de v\u00e9rifier que vous avez r\u00e9fl\u00e9chi \u00e0 ces aspects et de vous offrir des conseils si n\u00e9cessaire.<br><br>Des recommandations sp\u00e9cifiques li\u00e9es \u00e0 votre logement pourront vous \u00eatre fournies, comme des conseils pour s\u00e9curiser l\u2019environnement, v\u00e9rifier la toxicit\u00e9 de vos plantes, ou d\u00e9terminer les meilleurs endroits pour placer la liti\u00e8re, par exemple.<\/p>\n\n\n\n<p>Il est important de souligner que la pr\u00e9-visite n\u2019a pas pour but de juger vos habitudes de vie ou votre rangement. L&rsquo;objectif principal est d&rsquo;\u00e9tablir un \u00e9change direct avec vous et de vous prodiguer des conseils personnalis\u00e9s pour l&rsquo;am\u00e9nagement de votre domicile afin d&rsquo;accueillir au mieux votre futur compagnon.<\/p>\n\n\n\n<p>Une fois cette \u00e9tape termin\u00e9e, nous nous engageons \u00e0 vous faire un retour sous 72 heures, qu&rsquo;il soit favorable ou non, suite \u00e0 cette visite.<\/p>\n<\/div><\/div>\n<\/div>\n<\/div>\n<\/div>\n\n\n\n<hr class=\"wp-block-separator has-text-color has-alpha-channel-opacity has-background\" style=\"background-color:#7cb63e;color:#7cb63e\"\/>\n\n\n\n<h3 class=\"wp-block-heading has-text-align-left has-black-color has-text-color has-link-color has-large-font-size wp-elements-ccd6adf1e9151d7b9b80aafad7bec697\" id=\"adoption\" style=\"border-style:none;border-width:0px\">L&rsquo;adoption<\/h3>\n\n\n\n<div class=\"wp-block-media-text is-stacked-on-mobile is-vertically-aligned-center\" style=\"grid-template-columns:28% auto\"><figure class=\"wp-block-media-text__media\"><img loading=\"lazy\" decoding=\"async\" width=\"768\" height=\"1024\" src=\"https:\/\/ronron-asso.fr\/wp-content\/uploads\/2024\/01\/contrat-adoption-768x1024.jpg\" alt=\"\" class=\"wp-image-473 size-full\" srcset=\"https:\/\/ronron-asso.fr\/wp-content\/uploads\/2024\/01\/contrat-adoption-768x1024.jpg 768w, https:\/\/ronron-asso.fr\/wp-content\/uploads\/2024\/01\/contrat-adoption-225x300.jpg 225w, https:\/\/ronron-asso.fr\/wp-content\/uploads\/2024\/01\/contrat-adoption-1152x1536.jpg 1152w, https:\/\/ronron-asso.fr\/wp-content\/uploads\/2024\/01\/contrat-adoption.jpg 1536w\" sizes=\"auto, (max-width: 768px) 100vw, 768px\" \/><\/figure><div class=\"wp-block-media-text__content\">\n<p>Le moment tant attendu approche enfin ! Une fois la pr\u00e9-visite valid\u00e9e, la b\u00e9n\u00e9vole en charge des adoptions vous annoncera la bonne nouvelle et vous expliquera les derni\u00e8res \u00e9tapes \u00e0 pr\u00e9voir.<\/p>\n\n\n\n<p style=\"margin-top:var(--wp--preset--spacing--30);margin-bottom:var(--wp--preset--spacing--30)\">Lorsque tout le mat\u00e9riel n\u00e9cessaire est pr\u00eat chez vous, nous pourrons fixer le rendez-vous d&rsquo;adoption. \u00c0 ce moment-l\u00e0, quelques conseils suppl\u00e9mentaires seront donn\u00e9s avant la signature du contrat d&rsquo;adoption. Ce contrat est essentiel pour garantir le bien-\u00eatre de l&rsquo;animal. Nous vous remettons toujours le contrat apr\u00e8s la visite \u00e0 domicile afin que vous puissiez le lire tranquillement et poser toutes les questions que vous souhaitez avant de finaliser l\u2019adoption. Ce contrat inclut des engagements r\u00e9ciproques entre nous et vous, pour assurer une adoption responsable et dans le respect du chat.<\/p>\n\n\n\n<p>Nous avons r\u00e9cemment ajout\u00e9 une clause relative au droit \u00e0 l&rsquo;image. En effet, nous publions souvent sur nos r\u00e9seaux sociaux les photos des adoptions pour c\u00e9l\u00e9brer ces moments heureux, mettre en avant votre belle action et renforcer notre communication.<\/p>\n<\/div><\/div>\n\n\n\n<hr class=\"wp-block-separator has-text-color has-alpha-channel-opacity has-background\" style=\"background-color:#7cb63e;color:#7cb63e\"\/>\n\n\n\n<h3 class=\"wp-block-heading has-text-align-left has-palette-color-4-color has-text-color has-link-color has-large-font-size wp-elements-f3390430dc435b8b577fddcefc70bf5e\" id=\"post-visite\" style=\"border-style:none;border-width:0px\">La post-visite<\/h3>\n\n\n\n<p>Environ six mois apr\u00e8s l\u2019arriv\u00e9e de votre nouveau compagnon, une b\u00e9n\u00e9vole en charge des visites de suivi prendra contact avec vous pour programmer la post-visite. Lors de cette rencontre \u00e0 domicile, elle pourra \u00e9valuer l\u2019adaptation de votre chat \u00e0 son nouvel environnement, faire un rappel sur les aspects de s\u00e9curisation et r\u00e9pondre \u00e0 toutes vos questions \u00e9ventuelles. C\u2019est \u00e9galement \u00e0 ce moment-l\u00e0 que l\u2019identification de l\u2019animal sera transf\u00e9r\u00e9e \u00e0 votre nom.<\/p>\n\n\n\n<hr class=\"wp-block-separator has-text-color has-alpha-channel-opacity has-background\" style=\"background-color:#7cb63e;color:#7cb63e\"\/>\n\n\n\n<p>Si vous \u00eates pr\u00eat \u00e0 commencer votre propre aventure avec un futur compagnon \u00e0 quatre pattes, n\u2019h\u00e9sitez pas \u00e0 d\u00e9couvrir nos boules de poils disponibles \u00e0 l\u2019adoption :<\/p>\n\n\n\n<div class=\"wp-block-buttons is-content-justification-center is-layout-flex wp-container-core-buttons-is-layout-a89b3969 wp-block-buttons-is-layout-flex\">\n<div class=\"wp-block-button has-custom-width wp-block-button__width-50 has-custom-font-size is-style-fill has-medium-font-size\"><a class=\"wp-block-button__link has-background wp-element-button\" href=\"https:\/\/ronron-asso.fr\/index.php\/adoption\/nos-chats-a-ladoption\/\" style=\"border-style:none;border-width:0px;background-color:#93c675\">Nos chats et chatons \u00e0 l&rsquo;adoption<\/a><\/div>\n<\/div>\n\n\n\n<p><\/p>\n","protected":false},"excerpt":{"rendered":"<p>Vous envisagez d&rsquo;adopter un nouveau chat ou votre projet d&rsquo;adoption est d\u00e9j\u00e0 bien avanc\u00e9, et vous vous demandez comment cela se passe avec une association ? Chez nous, le processus d&rsquo;adoption se d\u00e9roule en 5 \u00e9tapes cl\u00e9s : Par ces 5 \u00e9tapes, nous mettons tout en \u0153uvre pour nous adapter \u00e0 chaque situation et vous [&hellip;]<\/p>\n","protected":false},"author":2,"featured_media":0,"parent":20,"menu_order":0,"comment_status":"closed","ping_status":"closed","template":"","meta":{"footnotes":""},"class_list":["post-561","page","type-page","status-publish","hentry"],"blocksy_meta":[],"yoast_head":"<!-- This site is optimized with the Yoast SEO plugin v26.1.1 - https:\/\/yoast.com\/wordpress\/plugins\/seo\/ -->\n<title>La proc\u00e9dure d&#039;adoption - Ronron Association - Reims<\/title>\n<meta name=\"robots\" content=\"index, follow, max-snippet:-1, max-image-preview:large, max-video-preview:-1\" \/>\n<link rel=\"canonical\" href=\"https:\/\/ronron-asso.fr\/index.php\/adoption\/nos-demarches\/\" \/>\n<meta property=\"og:locale\" content=\"fr_FR\" \/>\n<meta property=\"og:type\" content=\"article\" \/>\n<meta property=\"og:title\" content=\"La proc\u00e9dure d&#039;adoption - Ronron Association - Reims\" \/>\n<meta property=\"og:description\" content=\"Vous envisagez d&rsquo;adopter un nouveau chat ou votre projet d&rsquo;adoption est d\u00e9j\u00e0 bien avanc\u00e9, et vous vous demandez comment cela se passe avec une association ? Chez nous, le processus d&rsquo;adoption se d\u00e9roule en 5 \u00e9tapes cl\u00e9s : Par ces 5 \u00e9tapes, nous mettons tout en \u0153uvre pour nous adapter \u00e0 chaque situation et vous [&hellip;]\" \/>\n<meta property=\"og:url\" content=\"https:\/\/ronron-asso.fr\/index.php\/adoption\/nos-demarches\/\" \/>\n<meta property=\"og:site_name\" content=\"Ronron Association - Reims\" \/>\n<meta property=\"article:modified_time\" content=\"2024-12-23T15:28:54+00:00\" \/>\n<meta property=\"og:image\" content=\"https:\/\/ronron-asso.fr\/wp-content\/uploads\/2024\/01\/cosmos-porte.jpg\" \/>\n\t<meta property=\"og:image:width\" content=\"1161\" \/>\n\t<meta property=\"og:image:height\" content=\"1438\" \/>\n\t<meta property=\"og:image:type\" content=\"image\/jpeg\" \/>\n<meta name=\"twitter:card\" content=\"summary_large_image\" \/>\n<meta name=\"twitter:label1\" content=\"Dur\u00e9e de lecture estim\u00e9e\" \/>\n\t<meta name=\"twitter:data1\" content=\"5 minutes\" \/>\n<script type=\"application\/ld+json\" class=\"yoast-schema-graph\">{\"@context\":\"https:\/\/schema.org\",\"@graph\":[{\"@type\":\"WebPage\",\"@id\":\"https:\/\/ronron-asso.fr\/index.php\/adoption\/nos-demarches\/\",\"url\":\"https:\/\/ronron-asso.fr\/index.php\/adoption\/nos-demarches\/\",\"name\":\"La proc\u00e9dure d'adoption - Ronron Association - Reims\",\"isPartOf\":{\"@id\":\"https:\/\/ronron-asso.fr\/#website\"},\"primaryImageOfPage\":{\"@id\":\"https:\/\/ronron-asso.fr\/index.php\/adoption\/nos-demarches\/#primaryimage\"},\"image\":{\"@id\":\"https:\/\/ronron-asso.fr\/index.php\/adoption\/nos-demarches\/#primaryimage\"},\"thumbnailUrl\":\"https:\/\/ronron-asso.fr\/wp-content\/uploads\/2024\/01\/cosmos-porte-827x1024.jpg\",\"datePublished\":\"2024-02-01T16:50:49+00:00\",\"dateModified\":\"2024-12-23T15:28:54+00:00\",\"breadcrumb\":{\"@id\":\"https:\/\/ronron-asso.fr\/index.php\/adoption\/nos-demarches\/#breadcrumb\"},\"inLanguage\":\"fr-FR\",\"potentialAction\":[{\"@type\":\"ReadAction\",\"target\":[\"https:\/\/ronron-asso.fr\/index.php\/adoption\/nos-demarches\/\"]}]},{\"@type\":\"ImageObject\",\"inLanguage\":\"fr-FR\",\"@id\":\"https:\/\/ronron-asso.fr\/index.php\/adoption\/nos-demarches\/#primaryimage\",\"url\":\"https:\/\/ronron-asso.fr\/wp-content\/uploads\/2024\/01\/cosmos-porte.jpg\",\"contentUrl\":\"https:\/\/ronron-asso.fr\/wp-content\/uploads\/2024\/01\/cosmos-porte.jpg\",\"width\":1161,\"height\":1438},{\"@type\":\"BreadcrumbList\",\"@id\":\"https:\/\/ronron-asso.fr\/index.php\/adoption\/nos-demarches\/#breadcrumb\",\"itemListElement\":[{\"@type\":\"ListItem\",\"position\":1,\"name\":\"Accueil\",\"item\":\"https:\/\/ronron-asso.fr\/\"},{\"@type\":\"ListItem\",\"position\":2,\"name\":\"Adoption\",\"item\":\"https:\/\/ronron-asso.fr\/index.php\/adoption\/\"},{\"@type\":\"ListItem\",\"position\":3,\"name\":\"La proc\u00e9dure d&rsquo;adoption\"}]},{\"@type\":\"WebSite\",\"@id\":\"https:\/\/ronron-asso.fr\/#website\",\"url\":\"https:\/\/ronron-asso.fr\/\",\"name\":\"Ronron Association - Reims\",\"description\":\"\",\"potentialAction\":[{\"@type\":\"SearchAction\",\"target\":{\"@type\":\"EntryPoint\",\"urlTemplate\":\"https:\/\/ronron-asso.fr\/?s={search_term_string}\"},\"query-input\":{\"@type\":\"PropertyValueSpecification\",\"valueRequired\":true,\"valueName\":\"search_term_string\"}}],\"inLanguage\":\"fr-FR\"}]}<\/script>\n<!-- \/ Yoast SEO plugin. -->","yoast_head_json":{"title":"La proc\u00e9dure d'adoption - Ronron Association - Reims","robots":{"index":"index","follow":"follow","max-snippet":"max-snippet:-1","max-image-preview":"max-image-preview:large","max-video-preview":"max-video-preview:-1"},"canonical":"https:\/\/ronron-asso.fr\/index.php\/adoption\/nos-demarches\/","og_locale":"fr_FR","og_type":"article","og_title":"La proc\u00e9dure d'adoption - Ronron Association - Reims","og_description":"Vous envisagez d&rsquo;adopter un nouveau chat ou votre projet d&rsquo;adoption est d\u00e9j\u00e0 bien avanc\u00e9, et vous vous demandez comment cela se passe avec une association ? Chez nous, le processus d&rsquo;adoption se d\u00e9roule en 5 \u00e9tapes cl\u00e9s : Par ces 5 \u00e9tapes, nous mettons tout en \u0153uvre pour nous adapter \u00e0 chaque situation et vous [&hellip;]","og_url":"https:\/\/ronron-asso.fr\/index.php\/adoption\/nos-demarches\/","og_site_name":"Ronron Association - Reims","article_modified_time":"2024-12-23T15:28:54+00:00","og_image":[{"width":1161,"height":1438,"url":"https:\/\/ronron-asso.fr\/wp-content\/uploads\/2024\/01\/cosmos-porte.jpg","type":"image\/jpeg"}],"twitter_card":"summary_large_image","twitter_misc":{"Dur\u00e9e de lecture estim\u00e9e":"5 minutes"},"schema":{"@context":"https:\/\/schema.org","@graph":[{"@type":"WebPage","@id":"https:\/\/ronron-asso.fr\/index.php\/adoption\/nos-demarches\/","url":"https:\/\/ronron-asso.fr\/index.php\/adoption\/nos-demarches\/","name":"La proc\u00e9dure d'adoption - Ronron Association - Reims","isPartOf":{"@id":"https:\/\/ronron-asso.fr\/#website"},"primaryImageOfPage":{"@id":"https:\/\/ronron-asso.fr\/index.php\/adoption\/nos-demarches\/#primaryimage"},"image":{"@id":"https:\/\/ronron-asso.fr\/index.php\/adoption\/nos-demarches\/#primaryimage"},"thumbnailUrl":"https:\/\/ronron-asso.fr\/wp-content\/uploads\/2024\/01\/cosmos-porte-827x1024.jpg","datePublished":"2024-02-01T16:50:49+00:00","dateModified":"2024-12-23T15:28:54+00:00","breadcrumb":{"@id":"https:\/\/ronron-asso.fr\/index.php\/adoption\/nos-demarches\/#breadcrumb"},"inLanguage":"fr-FR","potentialAction":[{"@type":"ReadAction","target":["https:\/\/ronron-asso.fr\/index.php\/adoption\/nos-demarches\/"]}]},{"@type":"ImageObject","inLanguage":"fr-FR","@id":"https:\/\/ronron-asso.fr\/index.php\/adoption\/nos-demarches\/#primaryimage","url":"https:\/\/ronron-asso.fr\/wp-content\/uploads\/2024\/01\/cosmos-porte.jpg","contentUrl":"https:\/\/ronron-asso.fr\/wp-content\/uploads\/2024\/01\/cosmos-porte.jpg","width":1161,"height":1438},{"@type":"BreadcrumbList","@id":"https:\/\/ronron-asso.fr\/index.php\/adoption\/nos-demarches\/#breadcrumb","itemListElement":[{"@type":"ListItem","position":1,"name":"Accueil","item":"https:\/\/ronron-asso.fr\/"},{"@type":"ListItem","position":2,"name":"Adoption","item":"https:\/\/ronron-asso.fr\/index.php\/adoption\/"},{"@type":"ListItem","position":3,"name":"La proc\u00e9dure d&rsquo;adoption"}]},{"@type":"WebSite","@id":"https:\/\/ronron-asso.fr\/#website","url":"https:\/\/ronron-asso.fr\/","name":"Ronron Association - Reims","description":"","potentialAction":[{"@type":"SearchAction","target":{"@type":"EntryPoint","urlTemplate":"https:\/\/ronron-asso.fr\/?s={search_term_string}"},"query-input":{"@type":"PropertyValueSpecification","valueRequired":true,"valueName":"search_term_string"}}],"inLanguage":"fr-FR"}]}},"_links":{"self":[{"href":"https:\/\/ronron-asso.fr\/index.php\/wp-json\/wp\/v2\/pages\/561","targetHints":{"allow":["GET"]}}],"collection":[{"href":"https:\/\/ronron-asso.fr\/index.php\/wp-json\/wp\/v2\/pages"}],"about":[{"href":"https:\/\/ronron-asso.fr\/index.php\/wp-json\/wp\/v2\/types\/page"}],"author":[{"embeddable":true,"href":"https:\/\/ronron-asso.fr\/index.php\/wp-json\/wp\/v2\/users\/2"}],"replies":[{"embeddable":true,"href":"https:\/\/ronron-asso.fr\/index.php\/wp-json\/wp\/v2\/comments?post=561"}],"version-history":[{"count":41,"href":"https:\/\/ronron-asso.fr\/index.php\/wp-json\/wp\/v2\/pages\/561\/revisions"}],"predecessor-version":[{"id":825,"href":"https:\/\/ronron-asso.fr\/index.php\/wp-json\/wp\/v2\/pages\/561\/revisions\/825"}],"up":[{"embeddable":true,"href":"https:\/\/ronron-asso.fr\/index.php\/wp-json\/wp\/v2\/pages\/20"}],"wp:attachment":[{"href":"https:\/\/ronron-asso.fr\/index.php\/wp-json\/wp\/v2\/media?parent=561"}],"curies":[{"name":"wp","href":"https:\/\/api.w.org\/{rel}","templated":true}]}}